{"id":495,"date":"2018-03-12T23:32:54","date_gmt":"2018-03-12T23:32:54","guid":{"rendered":"https:\/\/castellax.com\/acerca-de\/"},"modified":"2018-03-12T23:32:54","modified_gmt":"2018-03-12T23:32:54","slug":"acerca-de","status":"publish","type":"page","link":"https:\/\/castellax.com\/es\/acerca-de\/","title":{"rendered":"Acerca de"},"content":{"rendered":"<p><strong>Castellax, por Sistemas de Seguridad Castellex. Un resumen.<\/strong><\/p>\n<p>&nbsp;<\/p>\n<p>Los sistemas de seguridad ofrecidos por <strong>Castellax<\/strong> no son alarmas convencionales, son el mejor mecanismo moderno para la disuasi\u00f3n de intrusos. Reconocemos que incluso los sistemas de alarmas m\u00e1s vanguardistas, sin importar si est\u00e1n basados en alertas sonoras est\u00e1ndar o notificaciones a las autoridades, no ser\u00e1n efectivos si la respuesta de las autoridades es lenta o si la misma no se realiza en absoluto. En zonas remotas, los delincuentes est\u00e1n conscientes de que la respuesta policial puede tomar tiempo, lo que les permite robar su propiedad con muy pocos temores. Incluso en zonas con tiempos de respuesta m\u00e1s r\u00e1pidos, es raro que la polic\u00eda llegue a la escena en menos de 5-7 minutos, lo que le ofrece el tiempo suficiente a un intruso para que robe lo que desea.<\/p>\n<p>&nbsp;<\/p>\n<p>Pensando en estas limitaciones, el equipo de <strong>Castellax<\/strong> ha creado una soluci\u00f3n anti-intrusos \u00fanica, que no solamente es capaz de alertar a las autoridades, sino tambi\u00e9n de operar como un sistema dise\u00f1ado para forzar a los delincuentes a salir inmediatamente del lugar, lo que impide verdaderamente sus actividades criminales. Con una gama que incluye el Castellax Sound Blaster-X, el Castellax Strobe-X y los sistemas de seguridad por empa\u00f1amiento Fog-X, todas unidades pueden ser utilizadas por separado o en combinaci\u00f3n para una mayor efectividad, el sistema Castellax trabaja fundament\u00e1ndose en el principio de hacer que el lugar en cuesti\u00f3n quede inh\u00f3spito, lo que provocar\u00e1 que los intrusos se desorienten y confundan y, por ende, tengan que salir inmediatamente antes de completar las actividades que han planeado. Cumplimos con todos los requerimientos legales necesarios y nuestro sistema es adecuado para espacios desde bancos y embajadas hasta hogares privados, tiendas e instalaciones de dep\u00f3sito, al igual que objetos remotos, colecciones de veh\u00edculos cl\u00e1sicos y yates, por lo que creemos fervientemente que nuestros sistemas de Security Strobe, Security Blaster y Security Fog proveen soluciones altamente efectivas para detener a los intrusos.<\/p>\n<p>&nbsp;<\/p>\n<p>Debido a sus cuerpos de acero fortalecido y con funciones que incluyen interruptores de seguridad y bater\u00edas de respaldo integradas LiOn, nuestros sistemas anti-intrusos son incre\u00edblemente resistentes a los intentos de desactivar o desconectar las fuentes de energ\u00eda. A diferencia de los dem\u00e1s sistemas de alarma disponibles en el mercado, \u00a1los dispositivos Strobe-X y Blaster-X de Castellax le ofrecer\u00e1n la tranquilidad mental de saber que el sistema de alarma operar\u00e1 exactamente cuando m\u00e1s lo necesite! Como una ventaja adicional, los sistemas de seguridad Castellax cuentan con un dise\u00f1o estilizado y atractivo est\u00e9ticamente, adem\u00e1s son completamente compatibles con otras instalaciones de seguridad, son f\u00e1ciles de integrar y pueden instalarse para trabajar con cualquier sistema de alarma con cableado o transmisor opcional con un sistema de alarma inal\u00e1mbrico.<\/p>\n<p>&nbsp;<\/p>\n<p>Producidos por el fabricante brit\u00e1nico, l\u00edder en seguridad, <strong>Castellex Ltd<\/strong>, no podr\u00e1 encontrar un sistema de protecci\u00f3n no-letal tan efectivo en el mercado actual. \u00a1<strong>Castellax<\/strong> es lo mejor en seguridad!<\/p>\n<p>&nbsp;<\/p>\n","protected":false},"excerpt":{"rendered":"<p>Castellax, por Sistemas de Seguridad Castellex. Un resumen. &nbsp; Los sistemas de seguridad ofrecidos por Castellax no son alarmas convencionales, son el mejor mecanismo moderno para la disuasi\u00f3n de intrusos. Reconocemos que incluso los sistemas de alarmas m\u00e1s vanguardistas, sin importar si est\u00e1n basados en alertas sonoras est\u00e1ndar o notificaciones a las autoridades, no ser\u00e1n [&hellip;]<\/p>\n","protected":false},"author":1,"featured_media":0,"parent":0,"menu_order":0,"comment_status":"closed","ping_status":"closed","template":"","meta":{"footnotes":""},"class_list":["post-495","page","type-page","status-publish","hentry"],"_links":{"self":[{"href":"https:\/\/castellax.com\/es\/wp-json\/wp\/v2\/pages\/495","targetHints":{"allow":["GET"]}}],"collection":[{"href":"https:\/\/castellax.com\/es\/wp-json\/wp\/v2\/pages"}],"about":[{"href":"https:\/\/castellax.com\/es\/wp-json\/wp\/v2\/types\/page"}],"author":[{"embeddable":true,"href":"https:\/\/castellax.com\/es\/wp-json\/wp\/v2\/users\/1"}],"replies":[{"embeddable":true,"href":"https:\/\/castellax.com\/es\/wp-json\/wp\/v2\/comments?post=495"}],"version-history":[{"count":0,"href":"https:\/\/castellax.com\/es\/wp-json\/wp\/v2\/pages\/495\/revisions"}],"wp:attachment":[{"href":"https:\/\/castellax.com\/es\/wp-json\/wp\/v2\/media?parent=495"}],"curies":[{"name":"wp","href":"https:\/\/api.w.org\/{rel}","templated":true}]}}