{"id":530,"date":"2018-02-27T10:52:52","date_gmt":"2018-02-27T10:52:52","guid":{"rendered":"https:\/\/castellax.com\/delivery\/"},"modified":"2018-03-13T01:12:04","modified_gmt":"2018-03-13T01:12:04","slug":"delivery","status":"publish","type":"page","link":"https:\/\/castellax.com\/es\/delivery\/","title":{"rendered":"Entrega y reembolsos"},"content":{"rendered":"<h2>ENTREGA Y REEMBOLSOS<\/h2>\n<p>Gracias por comprar en www.castellax.com<\/p>\n<p>Estamos entregando nuestros art\u00edculos en todo el mundo. Por favor revisa tu publicaci\u00f3n \/ c\u00f3digo postal para conocer el precio exacto de env\u00edo.<\/p>\n<p>Si no est\u00e1 completamente satisfecho con su compra, estamos aqu\u00ed para ayudarlo.<\/p>\n<p>Tienes 7 d\u00edas para cancelar tu pedido.<\/p>\n<p>Para ser elegible para una devoluci\u00f3n, su art\u00edculo debe estar sin usar y en la misma condici\u00f3n en que lo recibi\u00f3. Su art\u00edculo debe estar en el embalaje original. Su art\u00edculo debe tener el recibo o comprobante de compra.<\/p>\n<p>Reembolsos Una vez que recibamos su art\u00edculo, lo inspeccionaremos y le notificaremos que hemos recibido su art\u00edculo devuelto. Le avisaremos inmediatamente sobre el estado de su reembolso despu\u00e9s de inspeccionar el art\u00edculo. Si se aprueba su devoluci\u00f3n, iniciaremos un reembolso a su tarjeta de cr\u00e9dito (o m\u00e9todo de pago original). Recibir\u00e1 el cr\u00e9dito en un plazo de 10 d\u00edas, seg\u00fan las pol\u00edticas del emisor de su tarjeta.<\/p>\n<p>Env\u00edo Usted ser\u00e1 responsable de pagar sus propios costos de env\u00edo por devolver su art\u00edculo. Los costos de env\u00edo no son reembolsables. Si recibe un reembolso, el costo del env\u00edo de devoluci\u00f3n se deducir\u00e1 de su reembolso.<\/p>\n<p>Cont\u00e1ctenos Si tiene alguna pregunta sobre c\u00f3mo devolvernos su art\u00edculo, cont\u00e1ctenos en info@castellax.com<\/p>\n","protected":false},"excerpt":{"rendered":"<p>ENTREGA Y REEMBOLSOS Gracias por comprar en www.castellax.com Estamos entregando nuestros art\u00edculos en todo el mundo. Por favor revisa tu publicaci\u00f3n \/ c\u00f3digo postal para conocer el precio exacto de env\u00edo. Si no est\u00e1 completamente satisfecho con su compra, estamos aqu\u00ed para ayudarlo. Tienes 7 d\u00edas para cancelar tu pedido. Para ser elegible para una [&hellip;]<\/p>\n","protected":false},"author":1,"featured_media":0,"parent":0,"menu_order":0,"comment_status":"closed","ping_status":"closed","template":"","meta":{"footnotes":""},"class_list":["post-530","page","type-page","status-publish","hentry"],"_links":{"self":[{"href":"https:\/\/castellax.com\/es\/wp-json\/wp\/v2\/pages\/530","targetHints":{"allow":["GET"]}}],"collection":[{"href":"https:\/\/castellax.com\/es\/wp-json\/wp\/v2\/pages"}],"about":[{"href":"https:\/\/castellax.com\/es\/wp-json\/wp\/v2\/types\/page"}],"author":[{"embeddable":true,"href":"https:\/\/castellax.com\/es\/wp-json\/wp\/v2\/users\/1"}],"replies":[{"embeddable":true,"href":"https:\/\/castellax.com\/es\/wp-json\/wp\/v2\/comments?post=530"}],"version-history":[{"count":0,"href":"https:\/\/castellax.com\/es\/wp-json\/wp\/v2\/pages\/530\/revisions"}],"wp:attachment":[{"href":"https:\/\/castellax.com\/es\/wp-json\/wp\/v2\/media?parent=530"}],"curies":[{"name":"wp","href":"https:\/\/api.w.org\/{rel}","templated":true}]}}