{"id":534,"date":"2018-03-13T01:15:20","date_gmt":"2018-03-13T01:15:20","guid":{"rendered":"https:\/\/castellax.com\/terminos-y-condiciones\/"},"modified":"2018-03-13T08:05:02","modified_gmt":"2018-03-13T08:05:02","slug":"terminos-y-condiciones","status":"publish","type":"page","link":"https:\/\/castellax.com\/es\/terminos-y-condiciones\/","title":{"rendered":"Terminos y condiciones"},"content":{"rendered":"<h2 style=\"text-align: center;\">T\u00c9RMINOS Y CONDICIONES<\/h2>\n<p>Bienvenido a nuestro sitio web. Si contin\u00faa navegando y utilizando este sitio web, acepta cumplir y estar sujeto a los siguientes t\u00e9rminos y condiciones de uso, que junto con nuestra pol\u00edtica de privacidad rigen la relaci\u00f3n de Castellex Ltd con usted en relaci\u00f3n con este sitio web. Si no est\u00e1 de acuerdo con alguna parte de estos t\u00e9rminos y condiciones, no use nuestro sitio web.<\/p>\n<p>El t\u00e9rmino Castellex Ltd o nosotros se refiere al propietario del sitio web cuyo domicilio social es 4 HARE LANE, HATFIELD, HERTFORDSHIRE, AL10 8PP. El n\u00famero de registro de nuestra compa\u00f1\u00eda es 09877853. El t\u00e9rmino se refiere al usuario o visitante de nuestro sitio web.<\/p>\n<p><strong>El uso de este sitio web est\u00e1 sujeto a los siguientes t\u00e9rminos de uso:<\/strong><\/p>\n<ul>\n<li>El contenido de las p\u00e1ginas de este sitio web es solo para su informaci\u00f3n y uso general. Est\u00e1 sujeto a cambios sin previo aviso.<\/li>\n<li>Este sitio web utiliza cookies para monitorear las preferencias de navegaci\u00f3n. Si permite que se utilicen cookies, nosotros podemos almacenar la siguiente informaci\u00f3n personal para su uso por parte de terceros: nombre, apellido, correo electr\u00f3nico, direcci\u00f3n.<br \/>\nNi nosotros ni ning\u00fan tercero brindamos ninguna garant\u00eda en cuanto a la precisi\u00f3n, puntualidad, rendimiento, integridad o adecuaci\u00f3n de la informaci\u00f3n y los materiales encontrados u ofrecidos en este sitio web para un prop\u00f3sito particular. Usted reconoce que dicha informaci\u00f3n y materiales pueden contener imprecisiones o errores, y expresamente excluimos la responsabilidad por tales imprecisiones o errores en la m\u00e1xima medida permitida por la ley.<\/li>\n<li>El uso de cualquier informaci\u00f3n o material en este sitio web es bajo su propio riesgo, por lo que no seremos responsables. Ser\u00e1 su responsabilidad garantizar que cualquier producto, servicio o informaci\u00f3n disponible a trav\u00e9s de este sitio web cumpla con sus requisitos espec\u00edficos.<\/li>\n<li>Este sitio web contiene material que nos pertenece o tiene licencia. Este material incluye, entre otros, el dise\u00f1o, el dise\u00f1o, el aspecto, la apariencia y los gr\u00e1ficos. Se proh\u00edbe la reproducci\u00f3n que no est\u00e9 de acuerdo con el aviso de copyright, que forma parte de estos t\u00e9rminos y condiciones.<\/li>\n<li>Todas las marcas comerciales reproducidas en este sitio web, que no son propiedad de, ni tienen licencia para el operador, son reconocidas en el sitio web.<br \/>\nEl uso no autorizado de este sitio web puede dar lugar a un reclamo por da\u00f1os y \/ o puede ser un delito.<\/li>\n<li>De vez en cuando, este sitio web tambi\u00e9n puede incluir enlaces a otros sitios web. Estos enlaces se proporcionan para su conveniencia para proporcionar m\u00e1s informaci\u00f3n. No significan que aprobamos los sitios web. No tenemos responsabilidad por el contenido de los sitios web vinculados.<br \/>\nSu uso de este sitio web y cualquier disputa que surja de dicho uso del sitio web est\u00e1 sujeto a las leyes de Inglaterra, Irlanda del Norte, Escocia y Gales.<\/li>\n<\/ul>\n","protected":false},"excerpt":{"rendered":"<p>T\u00c9RMINOS Y CONDICIONES Bienvenido a nuestro sitio web. Si contin\u00faa navegando y utilizando este sitio web, acepta cumplir y estar sujeto a los siguientes t\u00e9rminos y condiciones de uso, que junto con nuestra pol\u00edtica de privacidad rigen la relaci\u00f3n de Castellex Ltd con usted en relaci\u00f3n con este sitio web. Si no est\u00e1 de acuerdo [&hellip;]<\/p>\n","protected":false},"author":1,"featured_media":0,"parent":0,"menu_order":0,"comment_status":"closed","ping_status":"closed","template":"","meta":{"footnotes":""},"class_list":["post-534","page","type-page","status-publish","hentry"],"_links":{"self":[{"href":"https:\/\/castellax.com\/es\/wp-json\/wp\/v2\/pages\/534","targetHints":{"allow":["GET"]}}],"collection":[{"href":"https:\/\/castellax.com\/es\/wp-json\/wp\/v2\/pages"}],"about":[{"href":"https:\/\/castellax.com\/es\/wp-json\/wp\/v2\/types\/page"}],"author":[{"embeddable":true,"href":"https:\/\/castellax.com\/es\/wp-json\/wp\/v2\/users\/1"}],"replies":[{"embeddable":true,"href":"https:\/\/castellax.com\/es\/wp-json\/wp\/v2\/comments?post=534"}],"version-history":[{"count":0,"href":"https:\/\/castellax.com\/es\/wp-json\/wp\/v2\/pages\/534\/revisions"}],"wp:attachment":[{"href":"https:\/\/castellax.com\/es\/wp-json\/wp\/v2\/media?parent=534"}],"curies":[{"name":"wp","href":"https:\/\/api.w.org\/{rel}","templated":true}]}}