{"id":536,"date":"2018-03-13T01:19:56","date_gmt":"2018-03-13T01:19:56","guid":{"rendered":"https:\/\/castellax.com\/politica-de-privacidad\/"},"modified":"2018-03-13T08:05:31","modified_gmt":"2018-03-13T08:05:31","slug":"politica-de-privacidad","status":"publish","type":"page","link":"https:\/\/castellax.com\/es\/politica-de-privacidad\/","title":{"rendered":"Politica de privacidad"},"content":{"rendered":"<h2 style=\"text-align: center;\">POL\u00cdTICA DE PRIVACIDAD<\/h2>\n<p>Esta pol\u00edtica de privacidad establece c\u00f3mo Castellex Ltd utiliza y protege cualquier informaci\u00f3n que le proporciones a Castellex Ltd cuando utilizas este sitio web.<br \/>\nCastellex Ltd se compromete a garantizar que su privacidad est\u00e9 protegida. En caso de que le solicitemos que proporcione cierta informaci\u00f3n que le permita identificarse al usar este sitio web, puede estar seguro de que solo se utilizar\u00e1 de acuerdo con esta declaraci\u00f3n de privacidad.<br \/>\nCastellex Ltd puede cambiar esta pol\u00edtica de vez en cuando al actualizar esta p\u00e1gina. Debe verificar esta p\u00e1gina de vez en cuando para asegurarse de que est\u00e9 satisfecho con los cambios. Esta pol\u00edtica entra en vigencia a partir del 01 11 2015.<\/p>\n<p><strong>Lo que recolectamos<\/strong><\/p>\n<p>Podemos recopilar la siguiente informaci\u00f3n:<br \/>\nnombre y t\u00edtulo del trabajo<br \/>\ninformaci\u00f3n de contacto incluida la direcci\u00f3n de correo electr\u00f3nico<br \/>\ninformaci\u00f3n demogr\u00e1fica como c\u00f3digo postal, preferencias e intereses<br \/>\notra informaci\u00f3n relevante para encuestas y \/ o ofertas de clientes<\/p>\n<p><strong>Qu\u00e9 hacemos con la informaci\u00f3n que recopilamos<\/strong><\/p>\n<p>Requerimos esta informaci\u00f3n para comprender sus necesidades y brindarle un mejor servicio, y en particular por las siguientes razones:<br \/>\nMantenimiento de registros internos.<br \/>\nPodemos usar la informaci\u00f3n para mejorar nuestros productos y servicios.<br \/>\nPeri\u00f3dicamente podemos enviarle correos electr\u00f3nicos promocionales sobre nuevos productos, ofertas especiales u otra informaci\u00f3n que creemos que puede resultarle interesante utilizando la direcci\u00f3n de correo electr\u00f3nico que nos ha proporcionado.<br \/>\nDe vez en cuando, tambi\u00e9n podemos utilizar su informaci\u00f3n para contactarlo con fines de investigaci\u00f3n de mercado. Podemos comunicarnos con usted por correo electr\u00f3nico, tel\u00e9fono, fax o correo.<br \/>\nPodemos usar la informaci\u00f3n para personalizar el sitio web de acuerdo con sus intereses.<\/p>\n<p><strong>Seguridad<\/strong><\/p>\n<p>Nos comprometemos a garantizar que su informaci\u00f3n sea segura. Para prevenir el acceso o la divulgaci\u00f3n no autorizados, hemos implementado procedimientos f\u00edsicos, electr\u00f3nicos y administrativos adecuados para salvaguardar y asegurar la informaci\u00f3n que recopilamos en l\u00ednea.<\/p>\n<p><strong>C\u00f3mo usamos las cookies<\/strong><\/p>\n<p>Una cookie es un archivo peque\u00f1o que solicita permiso para colocarse en el disco duro de su computadora. Una vez que acepta, el archivo se agrega y la cookie ayuda a analizar el tr\u00e1fico web o le permite saber cu\u00e1ndo visita un sitio en particular. Las cookies permiten que las aplicaciones web respondan a usted como individuo. La aplicaci\u00f3n web puede adaptar sus operaciones a sus necesidades, gustos y disgustos mediante la recopilaci\u00f3n y el recuerdo de informaci\u00f3n sobre sus preferencias.<\/p>\n<p>Utilizamos cookies de registro de tr\u00e1fico para identificar qu\u00e9 p\u00e1ginas se est\u00e1n utilizando. Esto nos ayuda a analizar datos sobre el tr\u00e1fico de la p\u00e1gina web y mejorar nuestro sitio web para adaptarlo a las necesidades del cliente. Solo usamos esta informaci\u00f3n para fines de an\u00e1lisis estad\u00edstico y luego los datos se eliminan del sistema.<\/p>\n<p>En general, las cookies nos ayudan a proporcionarle un mejor sitio web, permiti\u00e9ndonos controlar qu\u00e9 p\u00e1ginas le resultan \u00fatiles y cu\u00e1les no. Una cookie de ninguna manera nos da acceso a su computadora ni a ninguna informaci\u00f3n sobre usted, que no sea la informaci\u00f3n que decide compartir con nosotros.<\/p>\n<p>Puede elegir aceptar o rechazar las cookies. La mayor\u00eda de los navegadores web aceptan autom\u00e1ticamente las cookies, pero normalmente puede modificar la configuraci\u00f3n de su navegador para rechazar las cookies, si as\u00ed lo prefiere. Esto puede evitar que aproveches al m\u00e1ximo el sitio web.<\/p>\n<p><strong>Enlaces a otros sitios web<\/strong><\/p>\n<p>Our website may contain links to enable you to visit other websites of interest easily. However, once you have used these links to leave our site, you should note that we do not have any control over that other website. Therefore, we cannot be responsible for the protection and privacy of any information which you provide whilst visiting such sites and such sites are not governed by this privacy statement. You should exercise caution and look at the privacy statement applicable to the website in question.<\/p>\n<p><strong>Controlling your personal information<\/strong><\/p>\n<p>Puede optar por restringir la recopilaci\u00f3n o el uso de su informaci\u00f3n personal de las siguientes maneras:<br \/>\ncada vez que se le pida que complete un formulario en el sitio web, busque la casilla en la que puede hacer clic para indicar que no desea que la informaci\u00f3n sea utilizada por nadie con fines de marketing directo<br \/>\nSi previamente ha aceptado que utilicemos su informaci\u00f3n personal para fines de marketing directo, puede cambiar de opini\u00f3n en cualquier momento envi\u00e1ndonos un correo electr\u00f3nico a info@castellax.com.<\/p>\n<p>No venderemos, distribuiremos o alquilaremos su informaci\u00f3n personal a terceros a menos que tengamos su permiso o la ley as\u00ed lo requiera. Podemos utilizar su informaci\u00f3n personal para enviarle informaci\u00f3n promocional sobre terceros que creemos que puede resultarle interesante si nos informa que desea que esto suceda.<\/p>\n<p>Puede solicitar detalles de la informaci\u00f3n personal que tenemos sobre usted en virtud de la Ley de Protecci\u00f3n de Datos de 1998. Se pagar\u00e1 una peque\u00f1a tarifa. Si desea una copia de la informaci\u00f3n que tiene sobre usted, escriba a info@castellax.com<\/p>\n<p>Si cree que la informaci\u00f3n que tenemos sobre usted es incorrecta o est\u00e1 incompleta, escr\u00edbanos o env\u00edenos un correo electr\u00f3nico lo antes posible a la direcci\u00f3n que figura m\u00e1s arriba. Correctamente corregiremos cualquier informaci\u00f3n que se encuentre incorrecta.<\/p>\n","protected":false},"excerpt":{"rendered":"<p>POL\u00cdTICA DE PRIVACIDAD Esta pol\u00edtica de privacidad establece c\u00f3mo Castellex Ltd utiliza y protege cualquier informaci\u00f3n que le proporciones a Castellex Ltd cuando utilizas este sitio web. Castellex Ltd se compromete a garantizar que su privacidad est\u00e9 protegida. En caso de que le solicitemos que proporcione cierta informaci\u00f3n que le permita identificarse al usar este [&hellip;]<\/p>\n","protected":false},"author":1,"featured_media":0,"parent":0,"menu_order":0,"comment_status":"closed","ping_status":"closed","template":"","meta":{"footnotes":""},"class_list":["post-536","page","type-page","status-publish","hentry"],"_links":{"self":[{"href":"https:\/\/castellax.com\/es\/wp-json\/wp\/v2\/pages\/536","targetHints":{"allow":["GET"]}}],"collection":[{"href":"https:\/\/castellax.com\/es\/wp-json\/wp\/v2\/pages"}],"about":[{"href":"https:\/\/castellax.com\/es\/wp-json\/wp\/v2\/types\/page"}],"author":[{"embeddable":true,"href":"https:\/\/castellax.com\/es\/wp-json\/wp\/v2\/users\/1"}],"replies":[{"embeddable":true,"href":"https:\/\/castellax.com\/es\/wp-json\/wp\/v2\/comments?post=536"}],"version-history":[{"count":0,"href":"https:\/\/castellax.com\/es\/wp-json\/wp\/v2\/pages\/536\/revisions"}],"wp:attachment":[{"href":"https:\/\/castellax.com\/es\/wp-json\/wp\/v2\/media?parent=536"}],"curies":[{"name":"wp","href":"https:\/\/api.w.org\/{rel}","templated":true}]}}