{"id":1015,"date":"2026-03-31T14:12:27","date_gmt":"2026-03-31T15:29:26","guid":{"rendered":"https:\/\/castellax.com\/?post_type=product&#038;p=1015"},"modified":"2026-03-31T15:29:26","modified_gmt":"2026-03-31T15:29:26","slug":"trio-x-expert","status":"publish","type":"product","link":"https:\/\/castellax.com\/es\/producto\/trio-x-expert\/","title":{"rendered":"Trio-X Expert"},"content":{"rendered":"<h2><span role=\"text\"><strong>\u00bfQu\u00e9 es Trio-X?<\/strong><\/span><\/h2>\n<p>Castellax Trio-X\u2122 es un sistema activo de disuasi\u00f3n de intrusos dise\u00f1ado para interrumpir y detener intrusiones de forma inmediata.<\/p>\n<p>A diferencia de los sistemas tradicionales que solo detectan y notifican, Trio-X interviene activamente, saturando la capacidad del intruso para ver, pensar y actuar.<\/p>\n<p>Trio-X combina tres potentes elementos disuasorios en una respuesta coordinada:<\/p>\n<h3><span role=\"text\"><strong>1. Iluminaci\u00f3n Estrobosc\u00f3pica de Alta Intensidad<\/strong><\/span><\/h3>\n<p>Una iluminaci\u00f3n estrobosc\u00f3pica potente y r\u00e1pida sobrecarga la visi\u00f3n e impide la adaptaci\u00f3n visual.<br \/>\nLos intensos destellos blancos se combinan con secuencias en rojo y azul que simulan la llegada de servicios de emergencia, generando confusi\u00f3n e imposibilitando ver o desplazarse con claridad.<\/p>\n<h3><span role=\"text\"><strong>2. Disrupci\u00f3n Ac\u00fastica de Alto Decibelio<\/strong><\/span><\/h3>\n<p>Una salida ac\u00fastica de alto decibelio, especialmente dise\u00f1ada, provoca estr\u00e9s, miedo y desorientaci\u00f3n.<br \/>\nInterfiere con la concentraci\u00f3n, el equilibrio y la toma de decisiones, dificultando enormemente pensar o actuar con eficacia.<\/p>\n<h3><span role=\"text\"><strong>3. Niebla de Seguridad Densa<\/strong><\/span><\/h3>\n<p>Una niebla densa y limpia llena el espacio en cuesti\u00f3n de segundos, reduciendo la visibilidad a casi cero.<br \/>\nLa niebla es no t\u00f3xica, no deja residuos y es segura para las personas, los bienes y entornos sensibles.<\/p>\n<p>En conjunto, estos tres elementos crean un entorno en el que los intrusos no pueden ver, pensar ni actuar.<br \/>\nSu \u00fanica opci\u00f3n es abandonar inmediatamente.<\/p>\n<h2><span role=\"text\"><strong>C\u00f3mo funciona<\/strong><\/span><\/h2>\n<ol>\n<li>Detecci\u00f3n \u2013 Se conecta a alarmas o sensores.<\/li>\n<li>Activaci\u00f3n instant\u00e1nea \u2013 Luz, sonido y niebla se despliegan simult\u00e1neamente.<\/li>\n<li>Salida inmediata \u2013 Los intrusos pierden la orientaci\u00f3n y abandonan el intento.<\/li>\n<\/ol>\n<h2><span role=\"text\"><strong>Eficacia comprobada<\/strong><\/span><\/h2>\n<ul>\n<li>La niebla llena una habitaci\u00f3n en segundos, eliminando completamente la visibilidad.<\/li>\n<li>La iluminaci\u00f3n estrobosc\u00f3pica impide la adaptaci\u00f3n visual y la percepci\u00f3n de profundidad.<\/li>\n<li>El sonido de alto decibelio provoca p\u00e1nico, confusi\u00f3n y p\u00e9rdida de equilibrio.<\/li>\n<\/ul>\n<p>En conjunto, estos efectos fuerzan una retirada r\u00e1pida.<br \/>\nLos intrusos no pueden continuar, incluso en entornos familiares.<\/p>\n<h2><span role=\"text\"><strong>Por qu\u00e9 funciona<\/strong><\/span><\/h2>\n<p>Trio-X sobrecarga los sentidos humanos de forma instant\u00e1nea:<\/p>\n<ul>\n<li>La visi\u00f3n se ve afectada por la luz intensa y la niebla.<\/li>\n<li>La audici\u00f3n y el equilibrio se ven alterados por la salida ac\u00fastica.<\/li>\n<li>La percepci\u00f3n espacial se elimina.<\/li>\n<\/ul>\n<p>Esto crea un entorno en el que no es posible operar, obligando a una salida inmediata.<\/p>\n<h2><span role=\"text\"><strong>D\u00f3nde se utiliza Trio-X<\/strong><\/span><\/h2>\n<p><strong>Comercial de alto riesgo:<\/strong><br \/>\nJoyer\u00edas, casas de empe\u00f1o, tiendas de lujo, farmacias.<\/p>\n<p><strong>Financiero y manejo de efectivo:<\/strong><br \/>\nBancos, b\u00f3vedas, salas de cajeros autom\u00e1ticos, oficinas de efectivo, veh\u00edculos de transporte de valores, gasolineras.<\/p>\n<p><strong>Activos de alto valor:<\/strong><br \/>\nAnticuarios, galer\u00edas, museos, archivos, salas seguras.<\/p>\n<p><strong>Log\u00edstica e industria:<\/strong><br \/>\nAlmacenes, centros de distribuci\u00f3n, instalaciones de almacenamiento de veh\u00edculos.<\/p>\n<p><strong>Propiedades privadas y remotas:<\/strong><br \/>\nResidencias, fincas, ubicaciones remotas o aisladas.<\/p>\n<p><strong>Uso m\u00f3vil y especializado:<\/strong><br \/>\nYates, remolques, unidades de transporte.<\/p>\n<h2><span role=\"text\"><strong>Beneficios clave<\/strong><\/span><\/h2>\n<ul>\n<li>Detiene intrusiones en segundos<\/li>\n<li>Act\u00faa de forma instant\u00e1nea sin retrasos<\/li>\n<li>No letal y seguro para personas y bienes<\/li>\n<li>Niebla limpia y sin residuos<\/li>\n<li>Funciona con sistemas de alarma existentes o de forma independiente<\/li>\n<li>Incluye protecci\u00f3n contra manipulaciones y bater\u00eda de respaldo<\/li>\n<li>Adecuado para una amplia variedad de entornos<\/li>\n<\/ul>\n<h2><span role=\"text\"><strong>Seguro y conforme a normativas<\/strong><\/span><\/h2>\n<p>Trio-X es un sistema no letal dise\u00f1ado para cumplir con los est\u00e1ndares de seguridad.<br \/>\nTodos los componentes est\u00e1n dise\u00f1ados para ser seguros para ocupantes, personal de respuesta y activos protegidos.<\/p>\n<h2><span role=\"text\"><strong>Tome el control de su seguridad<\/strong><\/span><\/h2>\n<p>Castellax Trio-X\u2122 no solo detecta intrusos \u2014 los detiene.<\/p>\n<h3>Especificaciones:<\/h3>\n<p>Peso: 15,5 kg<br \/>\nDimensiones: L 315 x W 185 x H 390 mm<br \/>\nColor: Blanco o negro<br \/>\nTiempo de funcionamiento sin conexi\u00f3n a la red: hasta 2 horas<br \/>\nTiempo de calentamiento: aproximadamente 1 hora<br \/>\nCobertura por disparo: hasta 220 m\u00b3<br \/>\nVolumen del cartucho: 500 ml<br \/>\nCantidad de cartuchos: 1 unidad<br \/>\nBater\u00eda de respaldo: 12V 7,2 Ah<br \/>\nSensor de movimiento mWave integrado: S\u00ed<br \/>\nSensor de movimiento inal\u00e1mbrico externo: S\u00ed<br \/>\nNivel de salida de sonido: hasta 123 dB<br \/>\nSecurity Strobe-X: luces t\u00e1cticas blancas y luces \u201cpoliciales\u201d azul\/rojo<\/p>\n","protected":false},"excerpt":{"rendered":"<h2><span role=\"text\"><strong>Castellax Trio-X\u2122<\/strong><\/span><\/h2>\n<p><strong>Sistema Activo de Disuasi\u00f3n de Intrusos<\/strong><\/p>\n<p><strong>Detenga a los intrusos al instante.<\/strong><br \/>\nLa mayor\u00eda de los sistemas de seguridad le alertan despu\u00e9s de que el robo ha comenzado.<br \/>\nCastellax Trio-X\u2122 lo detiene en segundos.<\/p>\n","protected":false},"featured_media":1009,"comment_status":"closed","ping_status":"closed","template":"","meta":{"wds_primary_product_brand":0,"wds_primary_product_cat":0},"product_brand":[],"product_cat":[43,55],"product_tag":[],"class_list":{"0":"post-1015","1":"product","2":"type-product","3":"status-publish","4":"has-post-thumbnail","6":"product_cat-fog-x-security","7":"product_cat-trio-x-security-sets-es","9":"first","10":"onbackorder","11":"taxable","12":"shipping-taxable","13":"purchasable","14":"product-type-simple"},"_links":{"self":[{"href":"https:\/\/castellax.com\/es\/wp-json\/wp\/v2\/product\/1015","targetHints":{"allow":["GET"]}}],"collection":[{"href":"https:\/\/castellax.com\/es\/wp-json\/wp\/v2\/product"}],"about":[{"href":"https:\/\/castellax.com\/es\/wp-json\/wp\/v2\/types\/product"}],"replies":[{"embeddable":true,"href":"https:\/\/castellax.com\/es\/wp-json\/wp\/v2\/comments?post=1015"}],"wp:featuredmedia":[{"embeddable":true,"href":"https:\/\/castellax.com\/es\/wp-json\/wp\/v2\/media\/1009"}],"wp:attachment":[{"href":"https:\/\/castellax.com\/es\/wp-json\/wp\/v2\/media?parent=1015"}],"wp:term":[{"taxonomy":"product_brand","embeddable":true,"href":"https:\/\/castellax.com\/es\/wp-json\/wp\/v2\/product_brand?post=1015"},{"taxonomy":"product_cat","embeddable":true,"href":"https:\/\/castellax.com\/es\/wp-json\/wp\/v2\/product_cat?post=1015"},{"taxonomy":"product_tag","embeddable":true,"href":"https:\/\/castellax.com\/es\/wp-json\/wp\/v2\/product_tag?post=1015"}],"curies":[{"name":"wp","href":"https:\/\/api.w.org\/{rel}","templated":true}]}}