{"id":499,"date":"2018-01-23T22:54:09","date_gmt":"2018-01-23T22:54:09","guid":{"rendered":"https:\/\/castellax.com\/product\/strobe-x\/"},"modified":"2018-04-09T18:29:54","modified_gmt":"2018-04-09T18:29:54","slug":"strobe-x","status":"publish","type":"product","link":"https:\/\/castellax.com\/es\/producto\/strobe-x\/","title":{"rendered":"Strobe-X"},"content":{"rendered":"<h2>Castellax Strobe-X<\/h2>\n<p>Al emitir pulsos de luz blanca de alta intensidad, el Strobe-X de Castellax est\u00e1 dise\u00f1ado para desorientar y confundir a los intrusos, debido a que quedan efectivamente incapacitados para ver y deben buscar una salida. Este sistema \u00fanico en el mercado tambi\u00e9n ofrece pulsos brillantes de luz azul y roja que imitan a las luces de la polic\u00eda para desorientar a\u00fan m\u00e1s a los intrusos. En combinaci\u00f3n, estas luces blancas, rojas y azules evocan frecuentemente una respuesta de Pavlov entre los delincuentes, asocian las luces a la polic\u00eda y comienzan a comportarse de forma irracional y a cometer errores, por lo que es m\u00e1s probable que sean capturados.<\/p>\n<p>&nbsp;<\/p>\n<p>Puede ser utilizado como un sistema de seguridad independiente o, para un efecto m\u00e1s impactante, en conjunto con el sistema Sound Blaster-X de Castellax y\/o con el empa\u00f1ado de seguridad de Castellax, el Strobe-X tambi\u00e9n es altamente resistente a los intentos de manipulaci\u00f3n por parte de los intrusos \u2013 est\u00e1 alojado en un cuerpo de acero pr\u00e1cticamente indestructible y est\u00e1 equipado con interruptores de seguridad y bater\u00edas de respaldo integradas LiOn, los delincuentes encontrar\u00e1n muy dif\u00edcil remover o desactivar el sistema. Su paz mental estar\u00e1 garantizada; el Strobe-X estar\u00e1 ah\u00ed cuando m\u00e1s lo necesite.<\/p>\n<p>Dise\u00f1ado teniendo en cuenta su atractivo est\u00e9tico, el Strobe-X de Castellax es perfecto para ser instalado en cualquier propiedad residencial o comercial y, debido a sus bater\u00edas internas de carga constante, su operaci\u00f3n efectiva confiable est\u00e1 garantizada en todo momento, incluso cuando se interrumpe el suministro de electricidad.<\/p>\n<p>&nbsp;<\/p>\n<h3><strong>Especificaciones:<\/strong><\/h3>\n<p>Suministro el\u00e9ctrico:\u00a0\u00a0 \u00a0\u00a0\u00a0\u00a0\u00a0\u00a0\u00a0\u00a0\u00a0\u00a0\u00a0\u00a0\u00a0\u00a0\u00a0\u00a0\u00a0\u00a0\u00a0\u00a0\u00a0\u00a0\u00a0\u00a0\u00a0\u00a0\u00a0\u00a0\u00a0\u00a0\u00a0 10-20 VDC, 250mA (carga 12,5 VDC)<\/p>\n<p>Eficiencia:\u00a0\u00a0\u00a0\u00a0\u00a0\u00a0\u00a0\u00a0\u00a0\u00a0\u00a0\u00a0\u00a0\u00a0\u00a0\u00a0\u00a0\u00a0\u00a0\u00a0\u00a0\u00a0\u00a0\u00a0\u00a0\u00a0\u00a0\u00a0\u00a0\u00a0\u00a0\u00a0\u00a0\u00a0\u00a0\u00a0\u00a0\u00a0\u00a0\u00a0\u00a0\u00a0\u00a0\u00a0\u00a0\u00a0\u00a0\u00a0\u00a0\u00a0\u00a0\u00a0\u00a0\u00a0 hasta 175 m3\u00a0(70 m2 x 2,5m)<\/p>\n<p>Se\u00f1al de alarma:\u00a0\u00a0\u00a0\u00a0\u00a0 \u00a0\u00a0\u00a0\u00a0\u00a0\u00a0\u00a0\u00a0\u00a0\u00a0 \u00a0\u00a0\u00a0\u00a0\u00a0\u00a0\u00a0\u00a0\u00a0\u00a0\u00a0\u00a0\u00a0\u00a0\u00a0\u00a0\u00a0\u00a0\u00a0\u00a0\u00a0\u00a0\u00a0\u00a0 Carga positiva (10-14 V, 5 mA) o negativa (0-0,3 V, 5 mA)<\/p>\n<p>Bater\u00eda: 2800 mAh<\/p>\n<p>Tiempo de carga completo: hasta 8 horas<\/p>\n<p>Tiempo de vida de la bater\u00eda: hasta 3 a\u00f1os<\/p>\n<p>Dimensiones (Largo x Ancho x Alto): 300 x 180 x 45 mm<\/p>\n","protected":false},"excerpt":{"rendered":"<p>Al emitir pulsos de luz blanca de alta intensidad, el Strobe-X de Castellax est\u00e1 dise\u00f1ado para desorientar y confundir a los intrusos, debido a que quedan efectivamente incapacitados para ver y deben buscar una salida. Este sistema \u00fanico en el mercado tambi\u00e9n ofrece pulsos brillantes de luz azul y roja que imitan a las luces de la polic\u00eda para desorientar a\u00fan m\u00e1s a los intrusos. En combinaci\u00f3n, estas luces blancas, rojas y azules evocan frecuentemente una respuesta de Pavlov entre los delincuentes, asocian las luces a la polic\u00eda y comienzan a comportarse de forma irracional y a cometer errores, por lo que es m\u00e1s probable que sean capturados.<\/p>\n","protected":false},"featured_media":480,"comment_status":"open","ping_status":"closed","template":"","meta":{"wds_primary_product_brand":0,"wds_primary_product_cat":0},"product_brand":[],"product_cat":[41,40],"product_tag":[],"class_list":{"0":"post-499","1":"product","2":"type-product","3":"status-publish","4":"has-post-thumbnail","6":"product_cat-strobe-x-security","7":"product_cat-all-products-es","9":"first","10":"instock","11":"taxable","12":"shipping-taxable","13":"purchasable","14":"product-type-simple"},"_links":{"self":[{"href":"https:\/\/castellax.com\/es\/wp-json\/wp\/v2\/product\/499","targetHints":{"allow":["GET"]}}],"collection":[{"href":"https:\/\/castellax.com\/es\/wp-json\/wp\/v2\/product"}],"about":[{"href":"https:\/\/castellax.com\/es\/wp-json\/wp\/v2\/types\/product"}],"replies":[{"embeddable":true,"href":"https:\/\/castellax.com\/es\/wp-json\/wp\/v2\/comments?post=499"}],"wp:featuredmedia":[{"embeddable":true,"href":"https:\/\/castellax.com\/es\/wp-json\/wp\/v2\/media\/480"}],"wp:attachment":[{"href":"https:\/\/castellax.com\/es\/wp-json\/wp\/v2\/media?parent=499"}],"wp:term":[{"taxonomy":"product_brand","embeddable":true,"href":"https:\/\/castellax.com\/es\/wp-json\/wp\/v2\/product_brand?post=499"},{"taxonomy":"product_cat","embeddable":true,"href":"https:\/\/castellax.com\/es\/wp-json\/wp\/v2\/product_cat?post=499"},{"taxonomy":"product_tag","embeddable":true,"href":"https:\/\/castellax.com\/es\/wp-json\/wp\/v2\/product_tag?post=499"}],"curies":[{"name":"wp","href":"https:\/\/api.w.org\/{rel}","templated":true}]}}