{"id":500,"date":"2018-01-23T22:49:59","date_gmt":"2018-01-23T22:49:59","guid":{"rendered":"https:\/\/castellax.com\/product\/sound-blaster-x\/"},"modified":"2018-04-09T18:04:44","modified_gmt":"2018-04-09T18:04:44","slug":"sound-blaster-x","status":"publish","type":"product","link":"https:\/\/castellax.com\/es\/producto\/sound-blaster-x\/","title":{"rendered":"Sound Blaster-X"},"content":{"rendered":"<h2>Castellax Sound Blaster-X<\/h2>\n<p>La disuasi\u00f3n m\u00e1xima anti-intrusos \u2013 sin importar cu\u00e1les sean sus necesidades, cualquiera que sea su locaci\u00f3n, el Sound Blaster-X de Castellax es una soluci\u00f3n garantizada para ofrecer seguridad y no hay ning\u00fan sistema que lo supere.<\/p>\n<p>Al emitir una r\u00e1faga de sonido poderosa de 127dB, esto es m\u00e1s que un sistema de alarma convencional, es una barrera de sonido efectiva garantizada para expulsar hasta los intrusos m\u00e1s determinados. Tras su activaci\u00f3n, el pulso de sonido desarrollado cient\u00edficamente deja el territorio protegido inh\u00f3spito, debilitando y causando un dolor auditivo a los intrusos y forz\u00e1ndoles a buscar una salida inmediatamente. Es un sistema altamente efectivo y cumple con todos los requerimientos legales en cuanto al nivel de sonido.<\/p>\n<p>Por supuesto, un sistema de alarma no es muy \u00fatil si un delincuente tiene la capacidad de desactivarlo \u2013 en el mundo actual, muchos delincuentes profesionales se han vuelto muy h\u00e1biles a la hora de desactivar y desarmar muchos de los sistemas de seguridad disponibles actualmente en el mercado, esto se debe ampliamente al dise\u00f1o de tales alarmas. Este no es el caso del Sound Blaster-X de Castellax \u2013 el mismo es virtualmente indestructible, cuenta con un cuerpo de acero fortalecido y bater\u00edas de LiOn integradas, adem\u00e1s de interruptores de seguridad, todo esto se combina para crear un sistema anti-intrusos del m\u00e1s alto nivel que es altamente resistente a los intentos de desactivarlo o desconectarlo desde las fuentes de electricidad. Con el Sound Blaster-X, incluso los delincuentes m\u00e1s determinados fallar\u00e1n en sus intentos delictivos, por lo que se garantiza que el sistema de seguridad estar\u00e1 disponible para usted cuando m\u00e1s lo necesite.<\/p>\n<p>Dise\u00f1ado para proteger premisas que requieren un alto nivel de seguridad, o en las que los sistemas de alarma no han sido efectivos, el sistema Sound Blaster-X de Castellax ofrece una protecci\u00f3n instant\u00e1nea y es adecuado para todo tipo de locaciones, desde bancos y embajadas hasta viviendas privadas, tiendas individuales y dep\u00f3sitos de almacenamiento.<\/p>\n<p>El sistema Sound Blaster de Castellax es completamente compatible con otros sistemas de seguridad con cableado y puede instalarse con adaptadores especiales para que pueda funcionar en conjunto con los sistemas de alarma inal\u00e1mbricos, adicionalmente, tiene la ventaja de contar con un dise\u00f1o moderno y atractivo, por lo que puede pasar desapercibido incluso en las locaciones m\u00e1s demandantes.<\/p>\n<p><strong>Especificaciones<\/strong><strong>:<\/strong><\/p>\n<p>Suministro el\u00e9ctrico: 10-14 VDC, 150mA (carga 12,5 VDC)<\/p>\n<p>Nivel de sonido:\u00a0 hasta 127 dB<\/p>\n<p>Eficiencia:\u00a0hasta 175 m3\u00a0(70 m2 x 2,5m)<\/p>\n<p>Se\u00f1al de alarma:\u00a0 \u00a0 \u00a0 \u00a0 \u00a0 \u00a0 \u00a0 \u00a0 \u00a0 \u00a0 \u00a0 \u00a0 \u00a0 \u00a0 \u00a0 \u00a0 \u00a0 \u00a0 \u00a0 \u00a0 \u00a0 \u00a0 \u00a0 \u00a0 \u00a0 \u00a0 \u00a0 \u00a0 \u00a0 \u00a0 Carga positiva (10-14 V, 5 mA) o negativa (0-0,3 V, 5 mA)<\/p>\n<p>Bater\u00eda:\u00a0\u00a0\u00a0 2000 mAh<\/p>\n<p>Tiempo de carga completo:\u00a0hasta 8 horas<\/p>\n<p>Tiempo de vida de la bater\u00eda:\u00a0\u00a0\u00a0\u00a0\u00a0\u00a0\u00a0\u00a0\u00a0\u00a0\u00a0\u00a0\u00a0 \u00a0\u00a0\u00a0 hasta 3 a\u00f1os<\/p>\n<p>Dimensiones (Largo x Ancho x Alto):\u00a0\u00a0\u00a0\u00a0 300 x 180 x 45 mm<\/p>\n<p>&nbsp;<\/p>\n","protected":false},"excerpt":{"rendered":"<p>La disuasi\u00f3n m\u00e1xima anti-intrusos \u2013 sin importar cu\u00e1les sean sus necesidades, cualquiera que sea su locaci\u00f3n, el Sound Blaster-X de Castellax es una soluci\u00f3n garantizada para ofrecer seguridad y no hay ning\u00fan sistema que lo supere.<\/p>\n<p>&nbsp;<\/p>\n","protected":false},"featured_media":475,"comment_status":"open","ping_status":"closed","template":"","meta":{"wds_primary_product_brand":0,"wds_primary_product_cat":0},"product_brand":[],"product_cat":[42,40],"product_tag":[],"class_list":{"0":"post-500","1":"product","2":"type-product","3":"status-publish","4":"has-post-thumbnail","6":"product_cat-sound-blaster-x-security","7":"product_cat-all-products-es","9":"first","10":"instock","11":"taxable","12":"shipping-taxable","13":"purchasable","14":"product-type-simple"},"_links":{"self":[{"href":"https:\/\/castellax.com\/es\/wp-json\/wp\/v2\/product\/500","targetHints":{"allow":["GET"]}}],"collection":[{"href":"https:\/\/castellax.com\/es\/wp-json\/wp\/v2\/product"}],"about":[{"href":"https:\/\/castellax.com\/es\/wp-json\/wp\/v2\/types\/product"}],"replies":[{"embeddable":true,"href":"https:\/\/castellax.com\/es\/wp-json\/wp\/v2\/comments?post=500"}],"wp:featuredmedia":[{"embeddable":true,"href":"https:\/\/castellax.com\/es\/wp-json\/wp\/v2\/media\/475"}],"wp:attachment":[{"href":"https:\/\/castellax.com\/es\/wp-json\/wp\/v2\/media?parent=500"}],"wp:term":[{"taxonomy":"product_brand","embeddable":true,"href":"https:\/\/castellax.com\/es\/wp-json\/wp\/v2\/product_brand?post=500"},{"taxonomy":"product_cat","embeddable":true,"href":"https:\/\/castellax.com\/es\/wp-json\/wp\/v2\/product_cat?post=500"},{"taxonomy":"product_tag","embeddable":true,"href":"https:\/\/castellax.com\/es\/wp-json\/wp\/v2\/product_tag?post=500"}],"curies":[{"name":"wp","href":"https:\/\/api.w.org\/{rel}","templated":true}]}}