{"id":629,"date":"2018-04-09T18:06:36","date_gmt":"2018-04-09T18:06:37","guid":{"rendered":"https:\/\/castellax.com\/?post_type=product&#038;p=629"},"modified":"2018-04-09T18:17:09","modified_gmt":"2018-04-09T18:17:09","slug":"security-sound-blaster-x-security-strobe-x-light-set-2","status":"publish","type":"product","link":"https:\/\/castellax.com\/es\/producto\/security-sound-blaster-x-security-strobe-x-light-set-2\/","title":{"rendered":"Security Sound Blaster-X PRO 4 &#038; Security Strobe-X Light Set"},"content":{"rendered":"<h2>Castellax Sound Blaster-X PRO 4<\/h2>\n<p>La disuasi\u00f3n m\u00e1xima anti-intrusos \u2013 sin importar cu\u00e1les sean sus necesidades, cualquiera que sea su locaci\u00f3n, el Sound Blaster-X PRO 4 de Castellax es una soluci\u00f3n garantizada para ofrecer seguridad y no hay ning\u00fan sistema que lo supere.<\/p>\n<p>Al emitir una r\u00e1faga de sonido poderosa de 127dB, esto es m\u00e1s que un sistema de alarma convencional, es una barrera de sonido efectiva garantizada para expulsar hasta los intrusos m\u00e1s determinados. Tras su activaci\u00f3n, el pulso de sonido desarrollado cient\u00edficamente deja el territorio protegido inh\u00f3spito, debilitando y causando un dolor auditivo a los intrusos y forz\u00e1ndoles a buscar una salida inmediatamente. Es un sistema altamente efectivo y cumple con todos los requerimientos legales en cuanto al nivel de sonido.<\/p>\n<p>Por supuesto, un sistema de alarma no es muy \u00fatil si un delincuente tiene la capacidad de desactivarlo \u2013 en el mundo actual, muchos delincuentes profesionales se han vuelto muy h\u00e1biles a la hora de desactivar y desarmar muchos de los sistemas de seguridad disponibles actualmente en el mercado, esto se debe ampliamente al dise\u00f1o de tales alarmas. Este no es el caso del Sound Blaster-X PRO 4 de Castellax \u2013 el mismo es virtualmente indestructible, cuenta con un cuerpo de acero fortalecido y bater\u00edas de LiOn integradas, adem\u00e1s de interruptores de seguridad, todo esto se combina para crear un sistema anti-intrusos del m\u00e1s alto nivel que es altamente resistente a los intentos de desactivarlo o desconectarlo desde las fuentes de electricidad. Con el Sound Blaster-X PRO 4, incluso los delincuentes m\u00e1s determinados fallar\u00e1n en sus intentos delictivos, por lo que se garantiza que el sistema de seguridad estar\u00e1 disponible para usted cuando m\u00e1s lo necesite.<\/p>\n<p>Dise\u00f1ado para proteger premisas que requieren un alto nivel de seguridad, o en las que los sistemas de alarma no han sido efectivos, el sistema Sound Blaster-X PRO 4 de Castellax ofrece una protecci\u00f3n instant\u00e1nea y es adecuado para todo tipo de locaciones, desde bancos y embajadas hasta viviendas privadas, tiendas individuales y dep\u00f3sitos de almacenamiento.<\/p>\n<p>El sistema Sound Blaster-X PRO 4 de Castellax es completamente compatible con otros sistemas de seguridad con cableado y puede instalarse con adaptadores especiales para que pueda funcionar en conjunto con los sistemas de alarma inal\u00e1mbricos, adicionalmente, tiene la ventaja de contar con un dise\u00f1o moderno y atractivo, por lo que puede pasar desapercibido incluso en las locaciones m\u00e1s demandantes.<\/p>\n<p><strong>Especificaciones<\/strong><strong>:<\/strong><\/p>\n<p>Suministro el\u00e9ctrico: 10-18 VDC, 250mA (carga 12,5 VDC)<\/p>\n<p>Nivel de sonido:\u00a0 hasta 127 dB<\/p>\n<p>Eficiencia:\u00a0hasta 200 m3\u00a0(80 m2 x 2,5m)<\/p>\n<p>Se\u00f1al de alarma:\u00a0 \u00a0 \u00a0 \u00a0 \u00a0 \u00a0 \u00a0 \u00a0 \u00a0 \u00a0 \u00a0 \u00a0 \u00a0 \u00a0 \u00a0 \u00a0 \u00a0 \u00a0 \u00a0 \u00a0 \u00a0 \u00a0 \u00a0 \u00a0 \u00a0 \u00a0 \u00a0 \u00a0 \u00a0 \u00a0 Carga positiva (10-14 V, 5 mA) o negativa (0-0,3 V, 5 mA)<\/p>\n<p>Bater\u00eda:\u00a0\u00a0\u00a0 2400 mAh<\/p>\n<p>Tiempo de carga completo:\u00a0hasta 8 horas<\/p>\n<p>Tiempo de vida de la bater\u00eda:\u00a0\u00a0\u00a0\u00a0\u00a0\u00a0\u00a0\u00a0\u00a0\u00a0\u00a0\u00a0\u00a0 \u00a0\u00a0\u00a0 hasta 3 a\u00f1os<\/p>\n<p>Dimensiones (Largo x Ancho x Alto):\u00a0\u00a0\u00a0\u00a0 300 x 180 x 45 mm<\/p>\n<h2>Castellax Strobe-X<\/h2>\n<p>Al emitir pulsos de luz blanca de alta intensidad, el Strobe-X de Castellax est\u00e1 dise\u00f1ado para desorientar y confundir a los intrusos, debido a que quedan efectivamente incapacitados para ver y deben buscar una salida. Este sistema \u00fanico en el mercado tambi\u00e9n ofrece pulsos brillantes de luz azul y roja que imitan a las luces de la polic\u00eda para desorientar a\u00fan m\u00e1s a los intrusos. En combinaci\u00f3n, estas luces blancas, rojas y azules evocan frecuentemente una respuesta de Pavlov entre los delincuentes, asocian las luces a la polic\u00eda y comienzan a comportarse de forma irracional y a cometer errores, por lo que es m\u00e1s probable que sean capturados.<\/p>\n<p>Puede ser utilizado como un sistema de seguridad independiente o, para un efecto m\u00e1s impactante, en conjunto con el sistema Sound Blaster-X de Castellax y\/o con el empa\u00f1ado de seguridad de Castellax, el Strobe-X tambi\u00e9n es altamente resistente a los intentos de manipulaci\u00f3n por parte de los intrusos \u2013 est\u00e1 alojado en un cuerpo de acero pr\u00e1cticamente indestructible y est\u00e1 equipado con interruptores de seguridad y bater\u00edas de respaldo integradas LiOn, los delincuentes encontrar\u00e1n muy dif\u00edcil remover o desactivar el sistema. Su paz mental estar\u00e1 garantizada; el Strobe-X estar\u00e1 ah\u00ed cuando m\u00e1s lo necesite.<\/p>\n<p>Dise\u00f1ado teniendo en cuenta su atractivo est\u00e9tico, el Strobe-X de Castellax es perfecto para ser instalado en cualquier propiedad residencial o comercial y, debido a sus bater\u00edas internas de carga constante, su operaci\u00f3n efectiva confiable est\u00e1 garantizada en todo momento, incluso cuando se interrumpe el suministro de electricidad.<\/p>\n<h3><strong>Especificaciones:<\/strong><\/h3>\n<p>Suministro el\u00e9ctrico:\u00a0\u00a0 \u00a0\u00a0\u00a0\u00a0\u00a0\u00a0\u00a0\u00a0\u00a0\u00a0\u00a0\u00a0\u00a0\u00a0\u00a0\u00a0\u00a0\u00a0\u00a0\u00a0\u00a0\u00a0\u00a0\u00a0\u00a0\u00a0\u00a0\u00a0\u00a0\u00a0\u00a0 10-20 VDC, 250mA (carga 12,5 VDC)<\/p>\n<p>Eficiencia:\u00a0\u00a0\u00a0\u00a0\u00a0\u00a0\u00a0\u00a0\u00a0\u00a0\u00a0\u00a0\u00a0\u00a0\u00a0\u00a0\u00a0\u00a0\u00a0\u00a0\u00a0\u00a0\u00a0\u00a0\u00a0\u00a0\u00a0\u00a0\u00a0\u00a0\u00a0\u00a0\u00a0\u00a0\u00a0\u00a0\u00a0\u00a0\u00a0\u00a0\u00a0\u00a0\u00a0\u00a0\u00a0\u00a0\u00a0\u00a0\u00a0\u00a0\u00a0\u00a0\u00a0\u00a0 hasta 175 m3\u00a0(70 m2 x 2,5m)<\/p>\n<p>Se\u00f1al de alarma:\u00a0\u00a0\u00a0\u00a0\u00a0 \u00a0\u00a0\u00a0\u00a0\u00a0\u00a0\u00a0\u00a0\u00a0\u00a0 \u00a0\u00a0\u00a0\u00a0\u00a0\u00a0\u00a0\u00a0\u00a0\u00a0\u00a0\u00a0\u00a0\u00a0\u00a0\u00a0\u00a0\u00a0\u00a0\u00a0\u00a0\u00a0\u00a0\u00a0 Carga positiva (10-14 V, 5 mA) o negativa (0-0,3 V, 5 mA)<\/p>\n<p>Bater\u00eda: 2800 mAh<\/p>\n<p>Tiempo de carga completo: hasta 8 horas<\/p>\n<p>Tiempo de vida de la bater\u00eda: hasta 3 a\u00f1os<\/p>\n<p>Dimensiones (Largo x Ancho x Alto): 300 x 180 x 45 mm<\/p>\n","protected":false},"excerpt":{"rendered":"<p>La disuasi\u00f3n m\u00e1xima anti-intrusos \u2013 sin importar cu\u00e1les sean sus necesidades, cualquiera que sea su locaci\u00f3n, el Sound Blaster-X PRO 4 de Castellax es una soluci\u00f3n garantizada para ofrecer seguridad y no hay ning\u00fan sistema que lo supere. Al emitir pulsos de luz blanca de alta intensidad, el Strobe-X de Castellax est\u00e1 dise\u00f1ado para desorientar y confundir a los intrusos, debido a que quedan efectivamente incapacitados para ver y deben buscar una salida. Este sistema \u00fanico en el mercado tambi\u00e9n ofrece pulsos brillantes de luz azul y roja que imitan a las luces de la polic\u00eda para desorientar a\u00fan m\u00e1s a los intrusos. En combinaci\u00f3n, estas luces blancas, rojas y azules evocan frecuentemente una respuesta de Pavlov entre los delincuentes, asocian las luces a la polic\u00eda y comienzan a comportarse de forma irracional y a cometer errores, por lo que es m\u00e1s probable que sean capturados.<\/p>\n","protected":false},"featured_media":625,"comment_status":"closed","ping_status":"closed","template":"","meta":{"wds_primary_product_brand":0,"wds_primary_product_cat":0},"product_brand":[],"product_cat":[42,41,40],"product_tag":[],"class_list":{"0":"post-629","1":"product","2":"type-product","3":"status-publish","4":"has-post-thumbnail","6":"product_cat-sound-blaster-x-security","7":"product_cat-strobe-x-security","8":"product_cat-all-products-es","10":"first","11":"instock","12":"taxable","13":"shipping-taxable","14":"purchasable","15":"product-type-simple"},"_links":{"self":[{"href":"https:\/\/castellax.com\/es\/wp-json\/wp\/v2\/product\/629","targetHints":{"allow":["GET"]}}],"collection":[{"href":"https:\/\/castellax.com\/es\/wp-json\/wp\/v2\/product"}],"about":[{"href":"https:\/\/castellax.com\/es\/wp-json\/wp\/v2\/types\/product"}],"replies":[{"embeddable":true,"href":"https:\/\/castellax.com\/es\/wp-json\/wp\/v2\/comments?post=629"}],"wp:featuredmedia":[{"embeddable":true,"href":"https:\/\/castellax.com\/es\/wp-json\/wp\/v2\/media\/625"}],"wp:attachment":[{"href":"https:\/\/castellax.com\/es\/wp-json\/wp\/v2\/media?parent=629"}],"wp:term":[{"taxonomy":"product_brand","embeddable":true,"href":"https:\/\/castellax.com\/es\/wp-json\/wp\/v2\/product_brand?post=629"},{"taxonomy":"product_cat","embeddable":true,"href":"https:\/\/castellax.com\/es\/wp-json\/wp\/v2\/product_cat?post=629"},{"taxonomy":"product_tag","embeddable":true,"href":"https:\/\/castellax.com\/es\/wp-json\/wp\/v2\/product_tag?post=629"}],"curies":[{"name":"wp","href":"https:\/\/api.w.org\/{rel}","templated":true}]}}