{"id":548,"date":"2018-03-13T09:19:25","date_gmt":"2018-03-13T09:19:25","guid":{"rendered":"https:\/\/castellax.com\/sobre\/"},"modified":"2018-03-13T09:19:25","modified_gmt":"2018-03-13T09:19:25","slug":"sobre","status":"publish","type":"page","link":"https:\/\/castellax.com\/pt-br\/sobre\/","title":{"rendered":"Sobre"},"content":{"rendered":"<h2>Castellax da Castellex Security Systems, uma Vis\u00e3o Geral.<\/h2>\n<p>&nbsp;<\/p>\n<p>Os sistemas de seguran\u00e7a Castellax n\u00e3o s\u00e3o apenas sistemas de alarme convencionais, s\u00e3o sistemas efetivos, modernos e definitivos no que diz a respeito \u00e0 dissuas\u00e3o de intrusos. Reconhecemos que mesmo os sistemas de alarme mais atuais, sejam os baseados em alertas de som ou os baseados em notifica\u00e7\u00e3o \u00e0s autoridades apropriadas, n\u00e3o ser\u00e3o eficazes se a resposta da pol\u00edcia for lenta ou se n\u00e3o houver resposta. Em \u00e1reas remotas, os criminosos sabem bem que a pol\u00edcia pode demorar algum tempo, permitindo que roubem de sua propriedade com impunidade. Mesmo em \u00e1reas com tempo de resposta r\u00e1pida, \u00e9 raro que a pol\u00edcia chegue em menos de 5-7 minutos, tempo suficiente para um intruso entrar e roubar \u00e0 vontade.<\/p>\n<p>&nbsp;<\/p>\n<p>Com isso em mente, a equipe Castellax criou uma gama \u00fanica de solu\u00e7\u00f5es anti-intrusos, capazes n\u00e3o s\u00f3 de alertar as autoridades ou a seguran\u00e7a, mas, ainda mais importante, operando para for\u00e7ar os criminosos a abandonar imediatamente as instala\u00e7\u00f5es, assim reduzindo as suas atividades criminosas. Essa gama inclui o Castellax Sound Blaster-X, o Castellax Strobe-X e a gama de sistemas de nebuliza\u00e7\u00e3o Fog-X Security, todos utiliz\u00e1veis \u200b\u200bindividualmente ou em combina\u00e7\u00e3o para uma efic\u00e1cia ainda maior, os sistemas Castellax baseiam-se no princ\u00edpio de tornar as instala\u00e7\u00f5es efetivamente in\u00f3spitas, desorientando e confundindo intrusos e, assim, for\u00e7ando-os a sair imediatamente sem poder realizar as atividades planejadas. Cumprindo com todos os requisitos legais e adequados a qualquer tipo de instala\u00e7\u00e3o: de bancos, embaixadas at\u00e9 casas particulares, lojas individuais e instala\u00e7\u00f5es de armazenamento, objetos distantes, iates e cole\u00e7\u00f5es de carros cl\u00e1ssicos. N\u00f3s acreditamos com toda certeza que nossos sistemas de seguran\u00e7a Strobe Security, Sound Blaster e Security Fog fornecem solu\u00e7\u00f5es altamente eficazes para impedir intrusos na hora.<\/p>\n<p>&nbsp;<\/p>\n<p>Com revestimento de a\u00e7o forte e outras caracter\u00edsticas, como interruptores anti-viola\u00e7\u00e3o e baterias de reserva LiOn integradas, nossos sistemas anti-intrusos tamb\u00e9m s\u00e3o altamente resistentes a tentativas de desativa\u00e7\u00e3o ou de desconex\u00e3o das fontes de energia. Ao contr\u00e1rio de v\u00e1rios outros sistemas de alarme dispon\u00edveis no mercado, os dispositivos Castellax Strobe-X e Blaster-X lhe oferecem a tranquilidade de saber que o sistema de alarme funcionar\u00e1 exatamente quando voc\u00ea precisar. Como uma vantagem adicional, os sistemas de seguran\u00e7a Castellax s\u00e3o n\u00e3o s\u00f3 elegantes em design e esteticamente agrad\u00e1veis, mas tamb\u00e9m s\u00e3o totalmente compat\u00edveis com outras instala\u00e7\u00f5es de seguran\u00e7a, simples de serem integrados e podem ser instalados em conjunto com qualquer outro sistema de alarme com fios ou com um transmissor opcional para sistemas de alarme wireless.<\/p>\n<p>&nbsp;<\/p>\n<p>Produzido pela principal fabricante brit\u00e2nica de produtos de seguran\u00e7a, a Castellex Ltd, voc\u00ea n\u00e3o encontrar\u00e1 um sistema de prote\u00e7\u00e3o n\u00e3o-letal mais efetivo no mercado hoje. Castellax \u00e9 o melhor em seguran\u00e7a!<\/p>\n<p>&nbsp;<\/p>\n<p>&nbsp;<\/p>\n<p>&nbsp;<\/p>\n<p>&nbsp;<\/p>\n","protected":false},"excerpt":{"rendered":"<p>Castellax da Castellex Security Systems, uma Vis\u00e3o Geral. &nbsp; Os sistemas de seguran\u00e7a Castellax n\u00e3o s\u00e3o apenas sistemas de alarme convencionais, s\u00e3o sistemas efetivos, modernos e definitivos no que diz a respeito \u00e0 dissuas\u00e3o de intrusos. Reconhecemos que mesmo os sistemas de alarme mais atuais, sejam os baseados em alertas de som ou os baseados [&hellip;]<\/p>\n","protected":false},"author":1,"featured_media":0,"parent":0,"menu_order":0,"comment_status":"closed","ping_status":"closed","template":"","meta":{"footnotes":""},"class_list":["post-548","page","type-page","status-publish","hentry"],"_links":{"self":[{"href":"https:\/\/castellax.com\/pt-br\/wp-json\/wp\/v2\/pages\/548","targetHints":{"allow":["GET"]}}],"collection":[{"href":"https:\/\/castellax.com\/pt-br\/wp-json\/wp\/v2\/pages"}],"about":[{"href":"https:\/\/castellax.com\/pt-br\/wp-json\/wp\/v2\/types\/page"}],"author":[{"embeddable":true,"href":"https:\/\/castellax.com\/pt-br\/wp-json\/wp\/v2\/users\/1"}],"replies":[{"embeddable":true,"href":"https:\/\/castellax.com\/pt-br\/wp-json\/wp\/v2\/comments?post=548"}],"version-history":[{"count":0,"href":"https:\/\/castellax.com\/pt-br\/wp-json\/wp\/v2\/pages\/548\/revisions"}],"wp:attachment":[{"href":"https:\/\/castellax.com\/pt-br\/wp-json\/wp\/v2\/media?parent=548"}],"curies":[{"name":"wp","href":"https:\/\/api.w.org\/{rel}","templated":true}]}}