{"id":549,"date":"2018-03-13T09:24:13","date_gmt":"2018-03-13T09:24:13","guid":{"rendered":"https:\/\/castellax.com\/termos-e-condicoes\/"},"modified":"2018-03-13T09:24:13","modified_gmt":"2018-03-13T09:24:13","slug":"termos-e-condicoes","status":"publish","type":"page","link":"https:\/\/castellax.com\/pt-br\/termos-e-condicoes\/","title":{"rendered":"Termos e Condi\u00e7\u00f5es"},"content":{"rendered":"<h2>TERMOS E CONDI\u00c7\u00d5ES<\/h2>\n<p>Bem-vindo ao nosso site. Se voc\u00ea continuar a navegar e usar este site, voc\u00ea concorda em cumprir e ficar vinculado aos seguintes termos e condi\u00e7\u00f5es de uso, que, em conjunto com a nossa pol\u00edtica de privacidade, regem o relacionamento da Castellex Ltd com voc\u00ea em rela\u00e7\u00e3o a este site. Se voc\u00ea n\u00e3o concorda com nenhuma parte desses termos e condi\u00e7\u00f5es, n\u00e3o use nosso site.<\/p>\n<p>O termo Castellex Ltd ou n\u00f3s refere-se ao propriet\u00e1rio do site cuja sede social \u00e9 4 HARE LANE, HATFIELD, HERTFORDSHIRE, AL10 8PP. Nosso n\u00famero de registro da empresa \u00e9 09877853. O termo que voc\u00ea se refere ao usu\u00e1rio ou visualizador do nosso site.<\/p>\n<p>O uso deste site est\u00e1 sujeito aos seguintes termos de uso:<\/p>\n<p>O conte\u00fado das p\u00e1ginas deste site \u00e9 apenas para sua informa\u00e7\u00e3o geral e uso. Ele est\u00e1 sujeito a altera\u00e7\u00e3o sem aviso pr\u00e9vio.<br \/>\nEste site usa cookies para monitorar as prefer\u00eancias de navega\u00e7\u00e3o. Se voc\u00ea permitir que os cookies sejam usados, as seguintes informa\u00e7\u00f5es pessoais podem ser armazenadas por n\u00f3s para uso por terceiros: Nome, Sobrenome, Email, Endere\u00e7o.<br \/>\nNem n\u00f3s, nem terceiros, fornecemos qualquer garantia ou garantia quanto \u00e0 precis\u00e3o, pontualidade, desempenho, integridade ou adequa\u00e7\u00e3o das informa\u00e7\u00f5es e materiais encontrados ou oferecidos neste site para qualquer prop\u00f3sito espec\u00edfico. Voc\u00ea reconhece que tais informa\u00e7\u00f5es e materiais podem conter imprecis\u00f5es ou erros e n\u00f3s exclu\u00edmos expressamente a responsabilidade por tais imprecis\u00f5es ou erros na medida m\u00e1xima permitida por lei.<br \/>\nO uso de qualquer informa\u00e7\u00e3o ou material neste site \u00e9 por sua pr\u00f3pria conta e risco, para o qual n\u00e3o devemos ser responsabilizados. Deve ter a sua pr\u00f3pria responsabilidade garantir que quaisquer produtos, servi\u00e7os ou informa\u00e7\u00f5es dispon\u00edveis atrav\u00e9s deste site atinjam seus requisitos espec\u00edficos.<br \/>\nEste site cont\u00e9m material que \u00e9 de propriedade ou licenciado para n\u00f3s. Este material inclui, mas n\u00e3o est\u00e1 limitado a, design, layout, apar\u00eancia, apar\u00eancia e gr\u00e1ficos. \u00c9 proibida a reprodu\u00e7\u00e3o, de acordo com o aviso de direitos autorais, que faz parte destes termos e condi\u00e7\u00f5es.<br \/>\nTodas as marcas comerciais reproduzidas neste site, que n\u00e3o s\u00e3o propriedade ou licenciadas para o operador, s\u00e3o reconhecidas no site.<br \/>\nO uso n\u00e3o autorizado deste site pode dar origem a um pedido de danos e \/ ou ser uma infra\u00e7\u00e3o penal.<br \/>\nDe vez em quando, este site tamb\u00e9m pode incluir links para outros sites. Esses links s\u00e3o fornecidos para sua conveni\u00eancia para fornecer mais informa\u00e7\u00f5es. Eles n\u00e3o significam que endossamos o (s) website (s). N\u00e3o temos responsabilidade pelo conte\u00fado do (s) website (s) vinculado (s).<br \/>\nO uso deste site e qualquer disputa decorrente desse uso do site est\u00e3o sujeitas \u00e0s leis da Inglaterra, Irlanda do Norte, Esc\u00f3cia e Pa\u00eds de Gales.<\/p>\n","protected":false},"excerpt":{"rendered":"<p>TERMOS E CONDI\u00c7\u00d5ES Bem-vindo ao nosso site. Se voc\u00ea continuar a navegar e usar este site, voc\u00ea concorda em cumprir e ficar vinculado aos seguintes termos e condi\u00e7\u00f5es de uso, que, em conjunto com a nossa pol\u00edtica de privacidade, regem o relacionamento da Castellex Ltd com voc\u00ea em rela\u00e7\u00e3o a este site. Se voc\u00ea n\u00e3o [&hellip;]<\/p>\n","protected":false},"author":1,"featured_media":0,"parent":0,"menu_order":0,"comment_status":"closed","ping_status":"closed","template":"","meta":{"footnotes":""},"class_list":["post-549","page","type-page","status-publish","hentry"],"_links":{"self":[{"href":"https:\/\/castellax.com\/pt-br\/wp-json\/wp\/v2\/pages\/549","targetHints":{"allow":["GET"]}}],"collection":[{"href":"https:\/\/castellax.com\/pt-br\/wp-json\/wp\/v2\/pages"}],"about":[{"href":"https:\/\/castellax.com\/pt-br\/wp-json\/wp\/v2\/types\/page"}],"author":[{"embeddable":true,"href":"https:\/\/castellax.com\/pt-br\/wp-json\/wp\/v2\/users\/1"}],"replies":[{"embeddable":true,"href":"https:\/\/castellax.com\/pt-br\/wp-json\/wp\/v2\/comments?post=549"}],"version-history":[{"count":0,"href":"https:\/\/castellax.com\/pt-br\/wp-json\/wp\/v2\/pages\/549\/revisions"}],"wp:attachment":[{"href":"https:\/\/castellax.com\/pt-br\/wp-json\/wp\/v2\/media?parent=549"}],"curies":[{"name":"wp","href":"https:\/\/api.w.org\/{rel}","templated":true}]}}