{"id":550,"date":"2018-03-13T09:27:52","date_gmt":"2018-03-13T09:27:52","guid":{"rendered":"https:\/\/castellax.com\/politica-de-privacidade\/"},"modified":"2018-03-13T09:27:52","modified_gmt":"2018-03-13T09:27:52","slug":"politica-de-privacidade","status":"publish","type":"page","link":"https:\/\/castellax.com\/pt-br\/politica-de-privacidade\/","title":{"rendered":"Pol\u00edtica de Privacidade"},"content":{"rendered":"<h2>POL\u00cdTICA DE PRIVACIDADE<\/h2>\n<p>Esta pol\u00edtica de privacidade estabelece como a Castellex Ltd usa e protege qualquer informa\u00e7\u00e3o que voc\u00ea atribua a Castellex Ltd quando voc\u00ea usa este site.<br \/>\nA Castellex Ltd comprometeu-se a garantir que a sua privacidade esteja protegida. Devemos pedir-lhe para fornecer certas informa\u00e7\u00f5es atrav\u00e9s das quais voc\u00ea pode ser identificado ao usar este site, ent\u00e3o voc\u00ea pode ter certeza de que ele s\u00f3 ser\u00e1 usado de acordo com esta declara\u00e7\u00e3o de privacidade.<br \/>\nA Castellex Ltd pode alterar esta pol\u00edtica de tempos em tempos, atualizando esta p\u00e1gina. Voc\u00ea deve verificar esta p\u00e1gina de tempos em tempos para garantir que esteja feliz com as mudan\u00e7as. Esta pol\u00edtica \u00e9 efetiva a partir de 01 de novembro de 2015.<\/p>\n<p>O que cobramos<\/p>\n<p>Podemos coletar as seguintes informa\u00e7\u00f5es:<br \/>\nnome e cargo<br \/>\ninforma\u00e7\u00f5es de contato, incluindo endere\u00e7o de e-mail<br \/>\ninforma\u00e7\u00f5es demogr\u00e1ficas, como c\u00f3digo postal, prefer\u00eancias e interesses<br \/>\nOutras informa\u00e7\u00f5es relevantes para pesquisas e \/ ou ofertas de clientes<\/p>\n<p>O que fazemos com a informa\u00e7\u00e3o que recolhemos<\/p>\n<p>Exigimos essa informa\u00e7\u00e3o para entender suas necessidades e fornecer-lhe um melhor servi\u00e7o e, em particular, pelas seguintes raz\u00f5es:<br \/>\nManuten\u00e7\u00e3o de registros internos.<br \/>\nPodemos usar as informa\u00e7\u00f5es para melhorar nossos produtos e servi\u00e7os.<br \/>\nPodemos enviar periodicamente e-mails promocionais sobre novos produtos, ofertas especiais ou outras informa\u00e7\u00f5es que achamos que voc\u00ea pode achar interessante usando o endere\u00e7o de e-mail que voc\u00ea forneceu.<br \/>\nDe vez em quando, tamb\u00e9m podemos usar suas informa\u00e7\u00f5es para entrar em contato com voc\u00ea para fins de pesquisa de mercado. Podemos entrar em contato com voc\u00ea por e-mail, telefone, fax ou correio.<br \/>\nPodemos usar as informa\u00e7\u00f5es para personalizar o site de acordo com seus interesses.<\/p>\n<p>Seguran\u00e7a<\/p>\n<p>Estamos empenhados em garantir que suas informa\u00e7\u00f5es sejam seguras. Para evitar o acesso ou a divulga\u00e7\u00e3o n\u00e3o autorizados, implementamos procedimentos f\u00edsicos, eletr\u00f4nicos e administrativos adequados para proteger e proteger as informa\u00e7\u00f5es que coletamos em linha.<\/p>\n<p>Como usamos cookies<\/p>\n<p>Um cookie \u00e9 um arquivo pequeno que pede permiss\u00e3o para ser colocado no disco r\u00edgido do seu computador. Uma vez que voc\u00ea concorda, o arquivo \u00e9 adicionado e o cookie ajuda a analisar o tr\u00e1fego da Web ou permite que voc\u00ea saiba quando voc\u00ea visita um site espec\u00edfico. Os cookies permitem que os aplicativos da Web respondam a voc\u00ea como indiv\u00edduo. O aplicativo da Web pode adaptar suas opera\u00e7\u00f5es \u00e0s suas necessidades, gostos e desgostos, reunindo e lembrando informa\u00e7\u00f5es sobre suas prefer\u00eancias.<\/p>\n<p>Usamos os cookies do registro de tr\u00e2nsito para identificar quais p\u00e1ginas est\u00e3o sendo usadas. Isso nos ajuda a analisar dados sobre o tr\u00e1fego de p\u00e1ginas da web e melhorar o nosso site, a fim de adequ\u00e1-lo \u00e0s necessidades do cliente. N\u00f3s usamos apenas esta informa\u00e7\u00e3o para fins de an\u00e1lise estat\u00edstica e, em seguida, os dados s\u00e3o removidos do sistema.<\/p>\n<p>Em geral, os cookies nos ajudam a fornecer um site melhor, ao nos permitir monitorar as p\u00e1ginas que voc\u00ea achou \u00fateis e quais n\u00e3o. Um cookie de forma alguma nos d\u00e1 acesso ao seu computador ou a qualquer informa\u00e7\u00e3o sobre voc\u00ea, al\u00e9m dos dados que voc\u00ea escolher para compartilhar conosco.<\/p>\n<p>Voc\u00ea pode optar por aceitar ou recusar cookies. A maioria dos navegadores web aceita cookies automaticamente, mas geralmente pode modificar a configura\u00e7\u00e3o do seu navegador para recusar os cookies, se preferir. Isso pode impedir voc\u00ea de aproveitar ao m\u00e1ximo o site.<\/p>\n<p>Links para outros sites<\/p>\n<p>Nosso site pode conter links para permitir que voc\u00ea visite outros sites de interesse com facilidade. No entanto, uma vez que voc\u00ea usou esses links para sair do nosso site, voc\u00ea deve notar que n\u00e3o temos controle sobre esse outro site. Portanto, n\u00e3o podemos ser respons\u00e1veis \u200b\u200bpela prote\u00e7\u00e3o e privacidade de qualquer informa\u00e7\u00e3o que voc\u00ea fornece enquanto visita esses sites e esses sites n\u00e3o s\u00e3o governados por esta declara\u00e7\u00e3o de privacidade. Voc\u00ea deve ter cuidado e olhar para a declara\u00e7\u00e3o de privacidade aplic\u00e1vel ao site em quest\u00e3o.<\/p>\n<p>Controlando suas informa\u00e7\u00f5es pessoais<\/p>\n<p>Voc\u00ea pode optar por restringir a coleta ou uso de suas informa\u00e7\u00f5es pessoais das seguintes maneiras:<br \/>\nsempre que lhe for pedido para preencher um formul\u00e1rio no site, procure a caixa que voc\u00ea pode clicar para indicar que voc\u00ea n\u00e3o deseja que a informa\u00e7\u00e3o seja usada por ningu\u00e9m para fins de marketing direto<br \/>\nSe voc\u00ea j\u00e1 concordou em usar suas informa\u00e7\u00f5es pessoais para fins de marketing direto, voc\u00ea pode mudar de opini\u00e3o a qualquer momento, escrevendo ou enviando um e-mail para n\u00f3s em info@castellax.com<\/p>\n<p>N\u00e3o iremos vender, distribuir ou alugar suas informa\u00e7\u00f5es pessoais a terceiros, a menos que tenhamos sua permiss\u00e3o ou que sejam obrigados por lei a faz\u00ea-lo. Podemos usar suas informa\u00e7\u00f5es pessoais para enviar informa\u00e7\u00f5es promocionais sobre terceiros que achamos que voc\u00ea pode achar interessante se voc\u00ea nos disser que deseja que isso aconte\u00e7a.<\/p>\n<p>Voc\u00ea pode solicitar detalhes sobre as informa\u00e7\u00f5es pessoais que possu\u00edmos em rela\u00e7\u00e3o \u00e0 Lei de Prote\u00e7\u00e3o de Dados de 1998. Uma pequena taxa ser\u00e1 paga. Se voc\u00ea quiser uma c\u00f3pia das informa\u00e7\u00f5es mantidas em voc\u00ea, escreva para info@castellax.com<\/p>\n<p>Se voc\u00ea acredita que qualquer informa\u00e7\u00e3o que estamos segurando voc\u00ea est\u00e1 incorreta ou incompleta, escreva ou envie-nos o mais r\u00e1pido poss\u00edvel, no endere\u00e7o acima. N\u00f3s corrigiremos prontamente qualquer informa\u00e7\u00e3o encontrada incorreta.<\/p>\n","protected":false},"excerpt":{"rendered":"<p>POL\u00cdTICA DE PRIVACIDADE Esta pol\u00edtica de privacidade estabelece como a Castellex Ltd usa e protege qualquer informa\u00e7\u00e3o que voc\u00ea atribua a Castellex Ltd quando voc\u00ea usa este site. A Castellex Ltd comprometeu-se a garantir que a sua privacidade esteja protegida. Devemos pedir-lhe para fornecer certas informa\u00e7\u00f5es atrav\u00e9s das quais voc\u00ea pode ser identificado ao usar [&hellip;]<\/p>\n","protected":false},"author":1,"featured_media":0,"parent":0,"menu_order":0,"comment_status":"closed","ping_status":"closed","template":"","meta":{"footnotes":""},"class_list":["post-550","page","type-page","status-publish","hentry"],"_links":{"self":[{"href":"https:\/\/castellax.com\/pt-br\/wp-json\/wp\/v2\/pages\/550","targetHints":{"allow":["GET"]}}],"collection":[{"href":"https:\/\/castellax.com\/pt-br\/wp-json\/wp\/v2\/pages"}],"about":[{"href":"https:\/\/castellax.com\/pt-br\/wp-json\/wp\/v2\/types\/page"}],"author":[{"embeddable":true,"href":"https:\/\/castellax.com\/pt-br\/wp-json\/wp\/v2\/users\/1"}],"replies":[{"embeddable":true,"href":"https:\/\/castellax.com\/pt-br\/wp-json\/wp\/v2\/comments?post=550"}],"version-history":[{"count":0,"href":"https:\/\/castellax.com\/pt-br\/wp-json\/wp\/v2\/pages\/550\/revisions"}],"wp:attachment":[{"href":"https:\/\/castellax.com\/pt-br\/wp-json\/wp\/v2\/media?parent=550"}],"curies":[{"name":"wp","href":"https:\/\/api.w.org\/{rel}","templated":true}]}}