{"id":551,"date":"2018-03-13T09:33:46","date_gmt":"2018-03-13T09:33:46","guid":{"rendered":"https:\/\/castellax.com\/entrega-e-reembolsos\/"},"modified":"2018-03-13T09:33:46","modified_gmt":"2018-03-13T09:33:46","slug":"entrega-e-reembolsos","status":"publish","type":"page","link":"https:\/\/castellax.com\/pt-br\/entrega-e-reembolsos\/","title":{"rendered":"Entrega e Reembolsos"},"content":{"rendered":"<h2>Entrega e Reembolsos<\/h2>\n<p>Obrigado por fazer compras em www.castellax.com<\/p>\n<p>Estamos entregando nossos itens em todo o mundo. Verifique seu post \/ CEP para obter o pre\u00e7o de entrega exato.<\/p>\n<p>Se voc\u00ea n\u00e3o est\u00e1 inteiramente satisfeito com sua compra, estamos aqui para ajudar.<\/p>\n<p>Voc\u00ea tem 7 dias para cancelar seu pedido.<\/p>\n<p>Para ser eleg\u00edvel para um retorno, seu item n\u00e3o deve ser usado e na mesma condi\u00e7\u00e3o que voc\u00ea recebeu. Seu item deve estar na embalagem original. Seu item precisa ter o recibo ou comprovante de compra.<\/p>\n<p>Reembolsos Uma vez que recebemos seu item, vamos inspecion\u00e1-lo e notific\u00e1-lo que recebemos seu item retornado. N\u00f3s imediatamente notificaremos sobre o status do seu reembolso depois de inspecionar o item. Se o seu retorno for aprovado, iniciaremos um reembolso no seu cart\u00e3o de cr\u00e9dito (ou m\u00e9todo de pagamento original). Voc\u00ea receber\u00e1 o cr\u00e9dito dentro de 10 dias, de acordo com as pol\u00edticas do emissor do seu cart\u00e3o.<\/p>\n<p>Envio Voc\u00ea ser\u00e1 respons\u00e1vel por pagar seus pr\u00f3prios custos de envio pelo retorno do seu item. Os custos de envio n\u00e3o s\u00e3o reembols\u00e1veis. Se voc\u00ea receber um reembolso, o custo do frete de retorno ser\u00e1 deduzido de seu reembolso.<\/p>\n<p>Fale Conosco Se voc\u00ea tiver d\u00favidas sobre como devolver seu item para n\u00f3s, entre em contato conosco em info@castellax.com<\/p>\n","protected":false},"excerpt":{"rendered":"<p>Entrega e Reembolsos Obrigado por fazer compras em www.castellax.com Estamos entregando nossos itens em todo o mundo. Verifique seu post \/ CEP para obter o pre\u00e7o de entrega exato. Se voc\u00ea n\u00e3o est\u00e1 inteiramente satisfeito com sua compra, estamos aqui para ajudar. Voc\u00ea tem 7 dias para cancelar seu pedido. Para ser eleg\u00edvel para um [&hellip;]<\/p>\n","protected":false},"author":1,"featured_media":0,"parent":0,"menu_order":0,"comment_status":"closed","ping_status":"closed","template":"","meta":{"footnotes":""},"class_list":["post-551","page","type-page","status-publish","hentry"],"_links":{"self":[{"href":"https:\/\/castellax.com\/pt-br\/wp-json\/wp\/v2\/pages\/551","targetHints":{"allow":["GET"]}}],"collection":[{"href":"https:\/\/castellax.com\/pt-br\/wp-json\/wp\/v2\/pages"}],"about":[{"href":"https:\/\/castellax.com\/pt-br\/wp-json\/wp\/v2\/types\/page"}],"author":[{"embeddable":true,"href":"https:\/\/castellax.com\/pt-br\/wp-json\/wp\/v2\/users\/1"}],"replies":[{"embeddable":true,"href":"https:\/\/castellax.com\/pt-br\/wp-json\/wp\/v2\/comments?post=551"}],"version-history":[{"count":0,"href":"https:\/\/castellax.com\/pt-br\/wp-json\/wp\/v2\/pages\/551\/revisions"}],"wp:attachment":[{"href":"https:\/\/castellax.com\/pt-br\/wp-json\/wp\/v2\/media?parent=551"}],"curies":[{"name":"wp","href":"https:\/\/api.w.org\/{rel}","templated":true}]}}