{"id":1019,"date":"2026-03-31T14:35:10","date_gmt":"2026-03-31T15:46:43","guid":{"rendered":"https:\/\/castellax.com\/?post_type=product&#038;p=1019"},"modified":"2026-03-31T15:47:20","modified_gmt":"2026-03-31T15:47:20","slug":"trio_x-pro","status":"publish","type":"product","link":"https:\/\/castellax.com\/pt-br\/produto\/trio_x-pro\/","title":{"rendered":"Trio-X Pro"},"content":{"rendered":"<h2><span role=\"text\"><strong>O que \u00e9 o Trio-X?<\/strong><\/span><\/h2>\n<p>O Castellax Trio-X\u2122 \u00e9 um sistema ativo de dissuas\u00e3o de intrusos projetado para interromper e parar invas\u00f5es imediatamente.<\/p>\n<p>Ao contr\u00e1rio dos sistemas tradicionais que apenas detectam e notificam, o Trio-X interv\u00e9m ativamente \u2014 sobrecarregando a capacidade do intruso de ver, pensar e agir.<\/p>\n<p>O Trio-X combina tr\u00eas poderosos elementos dissuasores numa resposta coordenada:<\/p>\n<h3><span role=\"text\"><strong>1. Ilumina\u00e7\u00e3o Estrobosc\u00f3pica de Alta Intensidade<\/strong><\/span><\/h3>\n<p>Uma ilumina\u00e7\u00e3o estrobosc\u00f3pica potente e r\u00e1pida sobrecarrega a vis\u00e3o e impede a adapta\u00e7\u00e3o visual.<br \/>\nIntensos flashes brancos s\u00e3o combinados com sequ\u00eancias em vermelho e azul que simulam a chegada de servi\u00e7os de emerg\u00eancia, criando confus\u00e3o e tornando imposs\u00edvel ver ou movimentar-se com clareza.<\/p>\n<h3><span role=\"text\"><strong>2. Disrup\u00e7\u00e3o Ac\u00fastica de Alto N\u00edvel de Decib\u00e9is<\/strong><\/span><\/h3>\n<p>Uma sa\u00edda ac\u00fastica de alto n\u00edvel de decib\u00e9is, especialmente concebida, provoca stress, medo e desorienta\u00e7\u00e3o.<br \/>\nAfeta a concentra\u00e7\u00e3o, o equil\u00edbrio e a tomada de decis\u00f5es, tornando extremamente dif\u00edcil pensar ou agir de forma eficaz.<\/p>\n<h3><span role=\"text\"><strong>3. N\u00e9voa de Seguran\u00e7a Densa<\/strong><\/span><\/h3>\n<p>Uma n\u00e9voa densa e limpa preenche o espa\u00e7o em segundos, reduzindo a visibilidade a quase zero.<br \/>\nA n\u00e9voa \u00e9 n\u00e3o t\u00f3xica, n\u00e3o deixa res\u00edduos e \u00e9 segura para pessoas, bens e ambientes sens\u00edveis.<\/p>\n<p>Em conjunto, estes tr\u00eas elementos criam um ambiente onde os intrusos n\u00e3o conseguem ver, pensar ou agir.<br \/>\nA \u00fanica op\u00e7\u00e3o \u00e9 sair imediatamente.<\/p>\n<h2><span role=\"text\"><strong>Como funciona<\/strong><\/span><\/h2>\n<ol>\n<li>Dete\u00e7\u00e3o \u2013 Liga-se a alarmes ou sensores.<\/li>\n<li>Ativa\u00e7\u00e3o instant\u00e2nea \u2013 Luz, som e n\u00e9voa s\u00e3o acionados simultaneamente.<\/li>\n<li>Sa\u00edda imediata \u2013 Os intrusos perdem a orienta\u00e7\u00e3o e abandonam a tentativa.<\/li>\n<\/ol>\n<h2><span role=\"text\"><strong>Efic\u00e1cia comprovada<\/strong><\/span><\/h2>\n<ul>\n<li>A n\u00e9voa preenche um espa\u00e7o em segundos, eliminando completamente a visibilidade.<\/li>\n<li>A ilumina\u00e7\u00e3o estrobosc\u00f3pica impede a adapta\u00e7\u00e3o visual e a perce\u00e7\u00e3o de profundidade.<\/li>\n<li>O som de alto n\u00edvel de decib\u00e9is provoca p\u00e2nico, confus\u00e3o e perda de equil\u00edbrio.<\/li>\n<\/ul>\n<p>Em conjunto, estes efeitos for\u00e7am uma retirada r\u00e1pida.<br \/>\nOs intrusos n\u00e3o conseguem continuar \u2014 mesmo em ambientes familiares.<\/p>\n<h2><span role=\"text\"><strong>Por que funciona<\/strong><\/span><\/h2>\n<p>O Trio-X sobrecarrega instantaneamente os sentidos humanos:<\/p>\n<ul>\n<li>A vis\u00e3o \u00e9 afetada pela luz intensa e pela n\u00e9voa.<\/li>\n<li>A audi\u00e7\u00e3o e o equil\u00edbrio s\u00e3o perturbados pela sa\u00edda ac\u00fastica.<\/li>\n<li>A perce\u00e7\u00e3o espacial \u00e9 eliminada.<\/li>\n<\/ul>\n<p>Isto cria um ambiente onde \u00e9 imposs\u00edvel operar, for\u00e7ando a sa\u00edda imediata.<\/p>\n<h2><span role=\"text\"><strong>Onde o Trio-X \u00e9 utilizado<\/strong><\/span><\/h2>\n<p><strong>Comercial de alto risco:<\/strong><br \/>\nJoalharias, casas de penhores, lojas de luxo, farm\u00e1cias.<\/p>\n<p><strong>Financeiro e manuseio de dinheiro:<\/strong><br \/>\nBancos, cofres, salas de multibanco, escrit\u00f3rios de caixa, ve\u00edculos de transporte de valores, postos de combust\u00edvel.<\/p>\n<p><strong>Ativos de alto valor:<\/strong><br \/>\nAntiqu\u00e1rios, galerias, museus, arquivos, salas seguras.<\/p>\n<p><strong>Log\u00edstica e ind\u00fastria:<\/strong><br \/>\nArmaz\u00e9ns, centros de distribui\u00e7\u00e3o, instala\u00e7\u00f5es de armazenamento de ve\u00edculos.<\/p>\n<p><strong>Propriedades privadas e remotas:<\/strong><br \/>\nResid\u00eancias, propriedades, locais remotos ou isolados.<\/p>\n<p><strong>Uso m\u00f3vel e especializado:<\/strong><br \/>\nIates, reboques, unidades de transporte.<\/p>\n<h2><span role=\"text\"><strong>Principais benef\u00edcios<\/strong><\/span><\/h2>\n<ul>\n<li>Interrompe intrus\u00f5es em segundos<\/li>\n<li>Atua instantaneamente, sem atraso<\/li>\n<li>N\u00e3o letal e seguro para pessoas e bens<\/li>\n<li>N\u00e9voa limpa e sem res\u00edduos<\/li>\n<li>Funciona com sistemas de alarme existentes ou de forma aut\u00f3noma<\/li>\n<li>Inclui prote\u00e7\u00e3o contra adultera\u00e7\u00e3o e alimenta\u00e7\u00e3o de reserva<\/li>\n<li>Adequado para uma ampla variedade de ambientes<\/li>\n<\/ul>\n<h2><span role=\"text\"><strong>Seguro e em conformidade<\/strong><\/span><\/h2>\n<p>O Trio-X \u00e9 um sistema n\u00e3o letal concebido para cumprir normas de seguran\u00e7a.<br \/>\nTodos os componentes s\u00e3o projetados para serem seguros para ocupantes, equipas de resposta e ativos protegidos.<\/p>\n<h2><span role=\"text\"><strong>Assuma o controlo da sua seguran\u00e7a<\/strong><\/span><\/h2>\n<p>O Castellax Trio-X\u2122 n\u00e3o apenas deteta intrusos \u2014 ele impede-os.<\/p>\n<h3>ESPECIFICA\u00c7\u00d5ES:<\/h3>\n<p>Peso: 18 kg<br \/>\nDimens\u00f5es: L 315 x W 185 x H 390 mm<br \/>\nCor: Branco ou preto<br \/>\nTempo de funcionamento sem liga\u00e7\u00e3o \u00e0 rede el\u00e9trica: at\u00e9 2 horas<br \/>\nTempo de aquecimento: cerca de 1 hora<br \/>\nCobertura por disparo: at\u00e9 345 m\u00b3<br \/>\nVolume do cartucho: 1000 ml<br \/>\nQuantidade de cartuchos: 1 unidade<br \/>\nBateria de reserva: 12V 14,4 Ah<br \/>\nSensor de movimento mWave integrado: Sim<br \/>\nSensor de movimento sem fio externo: Sim<br \/>\nN\u00edvel de sa\u00edda sonora: at\u00e9 127 dB<br \/>\nSecurity Strobe-X: luzes t\u00e1ticas brancas e luzes \u201cpoliciais\u201d azul\/vermelho<\/p>\n","protected":false},"excerpt":{"rendered":"<h2><span role=\"text\"><strong>Castellax Trio-X\u2122<\/strong><\/span><\/h2>\n<p><strong>Sistema Ativo de Dissuas\u00e3o de Intrusos<\/strong><\/p>\n<p><strong>Pare intrusos instantaneamente.<\/strong><br \/>\nA maioria dos sistemas de seguran\u00e7a alerta apenas depois que a invas\u00e3o j\u00e1 come\u00e7ou.<br \/>\nO Castellax Trio-X\u2122 impede isso em segundos.<\/p>\n","protected":false},"featured_media":1013,"comment_status":"closed","ping_status":"closed","template":"","meta":{"wds_primary_product_brand":0,"wds_primary_product_cat":0},"product_brand":[],"product_cat":[51,54],"product_tag":[],"class_list":{"0":"post-1019","1":"product","2":"type-product","3":"status-publish","4":"has-post-thumbnail","6":"product_cat-fog-x-security-pt-br","7":"product_cat-trio-x-security-sets-pt-br","9":"first","10":"onbackorder","11":"taxable","12":"shipping-taxable","13":"purchasable","14":"product-type-simple"},"_links":{"self":[{"href":"https:\/\/castellax.com\/pt-br\/wp-json\/wp\/v2\/product\/1019","targetHints":{"allow":["GET"]}}],"collection":[{"href":"https:\/\/castellax.com\/pt-br\/wp-json\/wp\/v2\/product"}],"about":[{"href":"https:\/\/castellax.com\/pt-br\/wp-json\/wp\/v2\/types\/product"}],"replies":[{"embeddable":true,"href":"https:\/\/castellax.com\/pt-br\/wp-json\/wp\/v2\/comments?post=1019"}],"wp:featuredmedia":[{"embeddable":true,"href":"https:\/\/castellax.com\/pt-br\/wp-json\/wp\/v2\/media\/1013"}],"wp:attachment":[{"href":"https:\/\/castellax.com\/pt-br\/wp-json\/wp\/v2\/media?parent=1019"}],"wp:term":[{"taxonomy":"product_brand","embeddable":true,"href":"https:\/\/castellax.com\/pt-br\/wp-json\/wp\/v2\/product_brand?post=1019"},{"taxonomy":"product_cat","embeddable":true,"href":"https:\/\/castellax.com\/pt-br\/wp-json\/wp\/v2\/product_cat?post=1019"},{"taxonomy":"product_tag","embeddable":true,"href":"https:\/\/castellax.com\/pt-br\/wp-json\/wp\/v2\/product_tag?post=1019"}],"curies":[{"name":"wp","href":"https:\/\/api.w.org\/{rel}","templated":true}]}}