{"id":574,"date":"2018-01-23T22:54:09","date_gmt":"2018-01-23T22:54:09","guid":{"rendered":"https:\/\/castellax.com\/product\/strobe-x\/"},"modified":"2018-04-09T18:02:03","modified_gmt":"2018-04-09T18:02:03","slug":"strobe-x","status":"publish","type":"product","link":"https:\/\/castellax.com\/pt-br\/produto\/strobe-x\/","title":{"rendered":"Strobe-X"},"content":{"rendered":"<h2>Castellax Strobe-X<\/h2>\n<p>Emitindo pulsos de luz branca de alta intensidade, o Castellax Strobe-X \u00e9 projetado para desorientar e confundir intrusos, tornando-os incapazes de enxergar e obrigando-os a procurar uma sa\u00edda. \u00danico no mercado, este sistema tamb\u00e9m oferece pulsos de luz azuis e vermelhos, imitando a ilumina\u00e7\u00e3o policial para desorientar ainda mais os intrusos. Em combina\u00e7\u00e3o, essas luzes brancas, vermelhas e azuis frequentemente evocam uma resposta pavloviana nos criminosos, associando as luzes \u00e0 pol\u00edcia e fazendo com que se comportem de maneira irracional e cometam erros, aumentando as chances de serem pegos.<br \/>\nUtiliz\u00e1vel como um sistema de seguran\u00e7a independente ou, para melhor efeito, em conjunto com o sistema Castellax Sound Blaster-X e\/ou o sistema de nebuliza\u00e7\u00e3o de seguran\u00e7a Castellax, o Strobe-X \u00e9 tamb\u00e9m altamente resistente a poss\u00edveis viola\u00e7\u00f5es por intrusos &#8211; alojados em um corpo de a\u00e7o praticamente indestrut\u00edvel, equipados com interruptores anti-viola\u00e7\u00e3o e baterias LiOn integradas, os criminosos ter\u00e3o dificuldade em remov\u00ea-los ou desativ\u00e1-los. A sua tranquilidade est\u00e1 garantida; O Strobe-X funcionar\u00e1 quando voc\u00ea precisar.<br \/>\nProjetado com a est\u00e9tica em mente, o Castellax Strobe-X \u00e9 perfeito para a instala\u00e7\u00e3o em qualquer propriedade comercial ou residencial, e com o carregamento constante das baterias internas, sua opera\u00e7\u00e3o \u00e9 sempre garantida e confi\u00e1vel, at\u00e9 mesmo quando as fontes de energia s\u00e3o interrompidas.<\/p>\n<p>Especifica\u00e7\u00f5es:<br \/>\nFonte de alimenta\u00e7\u00e3o: 10-20 VDC, 250 mA (carga de 12.5 VDC)<br \/>\nEfici\u00eancia: at\u00e9 175 m3 (70 m2 x 2,5m)<br \/>\nSinal de alarme: Positivo (10-14 V, 5 mA) ou entradas negativas (0-0.3 V, 5 mA)<br \/>\nBateria: 2800 mAh<br \/>\nTempo de carregamento: at\u00e9 8 horas<br \/>\nTempo de vida da bateria: at\u00e9 3 anos<br \/>\nDimens\u00f5es (CxLxA): 300 x 180 x 45 mm<\/p>\n","protected":false},"excerpt":{"rendered":"<p>Emitindo pulsos de luz branca de alta intensidade, o Castellax Strobe-X \u00e9 projetado para desorientar e confundir intrusos, tornando-os incapazes de enxergar e obrigando-os a procurar uma sa\u00edda. \u00danico no mercado, este sistema tamb\u00e9m oferece pulsos de luz azuis e vermelhos, imitando a ilumina\u00e7\u00e3o policial para desorientar ainda mais os intrusos. Em combina\u00e7\u00e3o, essas luzes brancas, vermelhas e azuis frequentemente evocam uma resposta pavloviana nos criminosos, associando as luzes \u00e0 pol\u00edcia e fazendo com que se comportem de maneira irracional e cometam erros, aumentando as chances de serem pegos.<\/p>\n","protected":false},"featured_media":575,"comment_status":"open","ping_status":"closed","template":"","meta":{"wds_primary_product_brand":0,"wds_primary_product_cat":0},"product_brand":[],"product_cat":[49,48],"product_tag":[],"class_list":{"0":"post-574","1":"product","2":"type-product","3":"status-publish","4":"has-post-thumbnail","6":"product_cat-all-products-pt-br","7":"product_cat-strobe-x-security-pt-br","9":"first","10":"instock","11":"taxable","12":"shipping-taxable","13":"purchasable","14":"product-type-simple"},"_links":{"self":[{"href":"https:\/\/castellax.com\/pt-br\/wp-json\/wp\/v2\/product\/574","targetHints":{"allow":["GET"]}}],"collection":[{"href":"https:\/\/castellax.com\/pt-br\/wp-json\/wp\/v2\/product"}],"about":[{"href":"https:\/\/castellax.com\/pt-br\/wp-json\/wp\/v2\/types\/product"}],"replies":[{"embeddable":true,"href":"https:\/\/castellax.com\/pt-br\/wp-json\/wp\/v2\/comments?post=574"}],"wp:featuredmedia":[{"embeddable":true,"href":"https:\/\/castellax.com\/pt-br\/wp-json\/wp\/v2\/media\/575"}],"wp:attachment":[{"href":"https:\/\/castellax.com\/pt-br\/wp-json\/wp\/v2\/media?parent=574"}],"wp:term":[{"taxonomy":"product_brand","embeddable":true,"href":"https:\/\/castellax.com\/pt-br\/wp-json\/wp\/v2\/product_brand?post=574"},{"taxonomy":"product_cat","embeddable":true,"href":"https:\/\/castellax.com\/pt-br\/wp-json\/wp\/v2\/product_cat?post=574"},{"taxonomy":"product_tag","embeddable":true,"href":"https:\/\/castellax.com\/pt-br\/wp-json\/wp\/v2\/product_tag?post=574"}],"curies":[{"name":"wp","href":"https:\/\/api.w.org\/{rel}","templated":true}]}}