{"id":576,"date":"2018-01-23T22:49:59","date_gmt":"2018-01-23T22:49:59","guid":{"rendered":"https:\/\/castellax.com\/product\/sound-blaster-x\/"},"modified":"2018-01-23T22:49:59","modified_gmt":"2018-01-23T22:49:59","slug":"sound-blaster-x","status":"publish","type":"product","link":"https:\/\/castellax.com\/pt-br\/produto\/sound-blaster-x\/","title":{"rendered":"Sound Blaster-X"},"content":{"rendered":"<h2>Castellax Sound Blaster X<\/h2>\n<p>O auge em dissuas\u00e3o de intrusos &#8211; quaisquer que sejam as suas necessidades, onde quer que sejam as suas instala\u00e7\u00f5es, o Castellax Sound Blaster-X \u00e9 uma solu\u00e7\u00e3o garantida para fornecer seguran\u00e7a inigual\u00e1vel.<\/p>\n<p>Utilizando uma poderosa descarga de som de at\u00e9 127dB, o Castellax Sound Blaster-X \u00e9 mais que um sistema de alarme convencional, \u00e9 uma barreira de som efetiva que garante a repel\u00eancia at\u00e9 mesmo dos intrusos mais determinados. Ap\u00f3s a ativa\u00e7\u00e3o, os pulsos de som cientificamente desenvolvidos tornam o territ\u00f3rio protegido in\u00f3spito, debilitando e causando dor auditiva aos intrusos e for\u00e7ando-os a buscar uma sa\u00edda imediata. Altamente eficaz, mas ao mesmo tempo cumpre com requisitos legais de n\u00edvel de som.<br \/>\nClaro, um sistema de alarme \u00e9 de pouca utilidade se um criminoso for capaz de desativ\u00e1-lo &#8211; no mundo de hoje, muitos criminosos profissionais s\u00e3o peritos no desarmamento e desativa\u00e7\u00e3o dos v\u00e1rios sistemas de seguran\u00e7a atualmente no mercado, isso \u00e9 devido principalmente ao design de tais alarmes. Esse n\u00e3o \u00e9 o caso com o Castellax Sound Blaster-X &#8211; praticamente indestrut\u00edvel, suas caracter\u00edsticas incluem um forte revestimento de a\u00e7o, baterias LiOn integradas e interruptores anti-viola\u00e7\u00e3o, todos em conjunto criando um sistema anti-intruso de alto n\u00edvel que \u00e9 altamente resistente \u00e0s tentativas de desativa\u00e7\u00e3o ou desconex\u00e3o das fontes de energia. Com o Sound Blaster-X, at\u00e9 mesmo os criminosos mais determinados falhar\u00e3o em suas tentativas, garantindo assim o funcionamento do sistema de alarme exatamente quando voc\u00ea mais precisa.<br \/>\nProjetado para proteger instala\u00e7\u00f5es que exigem altos n\u00edveis de seguran\u00e7a, ou onde outros sistemas de alarme convencionais n\u00e3o foram efetivos, o sistema Castellax Sound Blaster-X oferece prote\u00e7\u00e3o contra falhas imediata e \u00e9 adequado para instala\u00e7\u00f5es que v\u00e3o desde bancos e embaixadas at\u00e9 resid\u00eancias particulares, lojas individuais e instala\u00e7\u00f5es de armazenamento.<br \/>\nTotalmente compat\u00edvel com outras instala\u00e7\u00f5es de seguran\u00e7a com fios, e capaz de ser instalado com adaptadores especiais para trabalhar com sistemas de alarme wireless, o Castellax Sound Blaster tamb\u00e9m tem a vantagem de ter um design elegante e esteticamente agrad\u00e1vel, adequando-se aos ambientes mais exigentes.<\/p>\n<p>Especifica\u00e7\u00f5es:<br \/>\nFonte de alimenta\u00e7\u00e3o: 10-14 VDC, 150mA (carga de 12.5 VDC)<br \/>\nN\u00edvel de sa\u00edda de som: at\u00e9 127 dB<br \/>\nEfici\u00eancia: at\u00e9 175 m3 (70 m2x 2,5m)<br \/>\nSinal de alarme: Positivo (10-14 V, 5 mA) ou entradas negativas (0-0,3 V, 5 mA)<br \/>\nBateria: 2000 mAh<br \/>\nTempo de carregamento: at\u00e9 8 horas<br \/>\nDura\u00e7\u00e3o da bateria: at\u00e9 3 anos<br \/>\nDimens\u00f5es (CxLxA): 300 x 180 x 45 mm<\/p>\n","protected":false},"excerpt":{"rendered":"<p>O auge em dissuas\u00e3o de intrusos &#8211; quaisquer que sejam as suas necessidades, onde quer que sejam as suas instala\u00e7\u00f5es, o Castellax Sound Blaster-X \u00e9 uma solu\u00e7\u00e3o garantida para fornecer seguran\u00e7a inigual\u00e1vel.<\/p>\n","protected":false},"featured_media":577,"comment_status":"open","ping_status":"closed","template":"","meta":{"wds_primary_product_brand":0,"wds_primary_product_cat":0},"product_brand":[],"product_cat":[49,50],"product_tag":[],"class_list":{"0":"post-576","1":"product","2":"type-product","3":"status-publish","4":"has-post-thumbnail","6":"product_cat-all-products-pt-br","7":"product_cat-sound-blaster-x-security-pt-br","9":"first","10":"instock","11":"taxable","12":"shipping-taxable","13":"purchasable","14":"product-type-simple"},"_links":{"self":[{"href":"https:\/\/castellax.com\/pt-br\/wp-json\/wp\/v2\/product\/576","targetHints":{"allow":["GET"]}}],"collection":[{"href":"https:\/\/castellax.com\/pt-br\/wp-json\/wp\/v2\/product"}],"about":[{"href":"https:\/\/castellax.com\/pt-br\/wp-json\/wp\/v2\/types\/product"}],"replies":[{"embeddable":true,"href":"https:\/\/castellax.com\/pt-br\/wp-json\/wp\/v2\/comments?post=576"}],"wp:featuredmedia":[{"embeddable":true,"href":"https:\/\/castellax.com\/pt-br\/wp-json\/wp\/v2\/media\/577"}],"wp:attachment":[{"href":"https:\/\/castellax.com\/pt-br\/wp-json\/wp\/v2\/media?parent=576"}],"wp:term":[{"taxonomy":"product_brand","embeddable":true,"href":"https:\/\/castellax.com\/pt-br\/wp-json\/wp\/v2\/product_brand?post=576"},{"taxonomy":"product_cat","embeddable":true,"href":"https:\/\/castellax.com\/pt-br\/wp-json\/wp\/v2\/product_cat?post=576"},{"taxonomy":"product_tag","embeddable":true,"href":"https:\/\/castellax.com\/pt-br\/wp-json\/wp\/v2\/product_tag?post=576"}],"curies":[{"name":"wp","href":"https:\/\/api.w.org\/{rel}","templated":true}]}}